{"id":1581,"date":"2019-01-22T15:40:36","date_gmt":"2019-01-22T14:40:36","guid":{"rendered":"https:\/\/affresco.it\/homepage\/"},"modified":"2025-09-05T16:28:29","modified_gmt":"2025-09-05T14:28:29","slug":"homepage","status":"publish","type":"page","link":"https:\/\/affresco.it\/fr\/","title":{"rendered":"Homepage"},"content":{"rendered":"","protected":false},"excerpt":{"rendered":"<p>\u00ab\u00a0J&rsquo;ai toujours recherch\u00e9 et collectionn\u00e9 des objets insolites et des pi\u00e8ces uniques pour d\u00e9corer mes tables de r\u00e9ception, tout en jouant avec les symboles et les significations pour divertir mes invit\u00e9s. De cette grande passion et de la conviction qu&rsquo;une id\u00e9e ne peut rester seulement une id\u00e9e est n\u00e9 l&rsquo;Atelier de d\u00e9cors th\u00e9matiques d&rsquo;Affresco, Chic Celebration. <\/p>\n","protected":false},"author":1,"featured_media":2445,"parent":0,"menu_order":0,"comment_status":"closed","ping_status":"closed","template":"tpl-home.php","meta":[],"yoast_head":"<!-- This site is optimized with the Yoast SEO plugin v15.0 - https:\/\/yoast.com\/wordpress\/plugins\/seo\/ -->\n<meta name=\"description\" content=\"Depuis toujours, nous r\u00eavons d&#039;un monde sans limite \u00e0 l&#039;imagination, dans lequel la cr\u00e9ativit\u00e9 et l&#039;exclusivit\u00e9 c\u00f4toient l&#039;exp\u00e9rience et la passion.\" \/>\n<meta name=\"robots\" content=\"index, follow, max-snippet:-1, max-image-preview:large, max-video-preview:-1\" \/>\n<link rel=\"canonical\" href=\"https:\/\/affresco.it\/fr\/\" \/>\n<meta property=\"og:locale\" content=\"fr_FR\" \/>\n<meta property=\"og:type\" content=\"article\" \/>\n<meta property=\"og:title\" content=\"Homepage &ndash; Affresco\" \/>\n<meta property=\"og:description\" content=\"Depuis toujours, nous r\u00eavons d&#039;un monde sans limite \u00e0 l&#039;imagination, dans lequel la cr\u00e9ativit\u00e9 et l&#039;exclusivit\u00e9 c\u00f4toient l&#039;exp\u00e9rience et la passion.\" \/>\n<meta property=\"og:url\" content=\"https:\/\/affresco.it\/fr\/\" \/>\n<meta property=\"og:site_name\" content=\"Affresco\" \/>\n<meta property=\"article:modified_time\" content=\"2025-09-05T14:28:29+00:00\" \/>\n<meta property=\"og:image\" content=\"https:\/\/affresco.it\/wp-content\/uploads\/2021\/03\/20150201_060-OGU-Gala-Dinner-10th-Anniversary.jpg\" \/>\n\t<meta property=\"og:image:width\" content=\"1600\" \/>\n\t<meta property=\"og:image:height\" content=\"1065\" \/>\n<meta name=\"twitter:card\" content=\"summary_large_image\" \/>\n<script type=\"application\/ld+json\" class=\"yoast-schema-graph\">{\"@context\":\"https:\/\/schema.org\",\"@graph\":[{\"@type\":\"WebSite\",\"@id\":\"https:\/\/affresco.it\/fr\/#website\",\"url\":\"https:\/\/affresco.it\/fr\/\",\"name\":\"Affresco\",\"description\":\"Un nuovo sito targato WordPress\",\"potentialAction\":[{\"@type\":\"SearchAction\",\"target\":\"https:\/\/affresco.it\/fr\/?s={search_term_string}\",\"query-input\":\"required name=search_term_string\"}],\"inLanguage\":\"fr-FR\"},{\"@type\":\"ImageObject\",\"@id\":\"https:\/\/affresco.it\/fr\/#primaryimage\",\"inLanguage\":\"fr-FR\",\"url\":\"https:\/\/affresco.it\/wp-content\/uploads\/2021\/03\/20150201_060-OGU-Gala-Dinner-10th-Anniversary.jpg\",\"width\":1600,\"height\":1065},{\"@type\":\"WebPage\",\"@id\":\"https:\/\/affresco.it\/fr\/#webpage\",\"url\":\"https:\/\/affresco.it\/fr\/\",\"name\":\"Homepage &ndash; Affresco\",\"isPartOf\":{\"@id\":\"https:\/\/affresco.it\/fr\/#website\"},\"primaryImageOfPage\":{\"@id\":\"https:\/\/affresco.it\/fr\/#primaryimage\"},\"datePublished\":\"2019-01-22T14:40:36+00:00\",\"dateModified\":\"2025-09-05T14:28:29+00:00\",\"description\":\"Depuis toujours, nous r\\u00eavons d'un monde sans limite \\u00e0 l'imagination, dans lequel la cr\\u00e9ativit\\u00e9 et l'exclusivit\\u00e9 c\\u00f4toient l'exp\\u00e9rience et la passion.\",\"breadcrumb\":{\"@id\":\"https:\/\/affresco.it\/fr\/#breadcrumb\"},\"inLanguage\":\"fr-FR\",\"potentialAction\":[{\"@type\":\"ReadAction\",\"target\":[\"https:\/\/affresco.it\/fr\/\"]}]},{\"@type\":\"BreadcrumbList\",\"@id\":\"https:\/\/affresco.it\/fr\/#breadcrumb\",\"itemListElement\":[{\"@type\":\"ListItem\",\"position\":1,\"item\":{\"@type\":\"WebPage\",\"@id\":\"https:\/\/affresco.it\/fr\/\",\"url\":\"https:\/\/affresco.it\/fr\/\",\"name\":\"Home\"}},{\"@type\":\"ListItem\",\"position\":2,\"item\":{\"@type\":\"WebPage\",\"@id\":\"https:\/\/affresco.it\/fr\/\",\"url\":\"https:\/\/affresco.it\/fr\/\",\"name\":\"Homepage\"}}]}]}<\/script>\n<!-- \/ Yoast SEO plugin. -->","_links":{"self":[{"href":"https:\/\/affresco.it\/fr\/wp-json\/wp\/v2\/pages\/1581\/"}],"collection":[{"href":"https:\/\/affresco.it\/fr\/wp-json\/wp\/v2\/pages\/"}],"about":[{"href":"https:\/\/affresco.it\/fr\/wp-json\/wp\/v2\/types\/page\/"}],"author":[{"embeddable":true,"href":"https:\/\/affresco.it\/fr\/wp-json\/wp\/v2\/users\/1\/"}],"replies":[{"embeddable":true,"href":"https:\/\/affresco.it\/fr\/wp-json\/wp\/v2\/comments\/?post=1581"}],"version-history":[{"count":6,"href":"https:\/\/affresco.it\/fr\/wp-json\/wp\/v2\/pages\/1581\/revisions\/"}],"predecessor-version":[{"id":2736,"href":"https:\/\/affresco.it\/fr\/wp-json\/wp\/v2\/pages\/1581\/revisions\/2736\/"}],"wp:featuredmedia":[{"embeddable":true,"href":"https:\/\/affresco.it\/fr\/wp-json\/wp\/v2\/media\/2445\/"}],"wp:attachment":[{"href":"https:\/\/affresco.it\/fr\/wp-json\/wp\/v2\/media\/?parent=1581"}],"curies":[{"name":"wp","href":"https:\/\/api.w.org\/{rel}","templated":true}]}}