{"id":1670,"date":"2019-01-25T10:59:57","date_gmt":"2019-01-25T09:59:57","guid":{"rendered":"https:\/\/affresco.it\/about-us\/"},"modified":"2022-11-16T13:01:24","modified_gmt":"2022-11-16T12:01:24","slug":"carolina-santarelli","status":"publish","type":"page","link":"https:\/\/affresco.it\/fr\/carolina-santarelli\/","title":{"rendered":"About us"},"content":{"rendered":"<p>Le\u00a0futur appartient \u00e0 ceux\u00a0qui croient dans la beaut\u00e9 de leurs r\u00eaves. Eleanor Roosevelt<\/p>\n","protected":false},"excerpt":{"rendered":"<p>Le\u00a0futur appartient \u00e0 ceux\u00a0qui croient dans la beaut\u00e9 de leurs r\u00eaves. Eleanor Roosevelt<\/p>\n","protected":false},"author":1,"featured_media":1672,"parent":0,"menu_order":0,"comment_status":"closed","ping_status":"closed","template":"tpl-about.php","meta":[],"yoast_head":"<!-- This site is optimized with the Yoast SEO plugin v15.0 - https:\/\/yoast.com\/wordpress\/plugins\/seo\/ -->\n<meta name=\"description\" content=\"Affresco est compos\u00e9e d&#039;experts de grande valeur, tous dot\u00e9s de propres talents et d&#039;une exp\u00e9rience plurid\u00e9cennale dans le secteur de l&#039;\u00e9v\u00e9nementiel orchestrer des \u00e9v\u00e9nements artistiques et culturels, des programmes incentive, des conf\u00e9rences et des s\u00e9minaires, des lancements de produits, des \u00e9v\u00e9nements priv\u00e9s, des galas et des d\u00e9cors th\u00e9matiques.\" \/>\n<meta name=\"robots\" content=\"index, follow, max-snippet:-1, max-image-preview:large, max-video-preview:-1\" \/>\n<link rel=\"canonical\" href=\"https:\/\/affresco.it\/fr\/carolina-santarelli\/\" \/>\n<meta property=\"og:locale\" content=\"fr_FR\" \/>\n<meta property=\"og:type\" content=\"article\" \/>\n<meta property=\"og:title\" content=\"About us &ndash; Affresco\" \/>\n<meta property=\"og:description\" content=\"Affresco est compos\u00e9e d&#039;experts de grande valeur, tous dot\u00e9s de propres talents et d&#039;une exp\u00e9rience plurid\u00e9cennale dans le secteur de l&#039;\u00e9v\u00e9nementiel orchestrer des \u00e9v\u00e9nements artistiques et culturels, des programmes incentive, des conf\u00e9rences et des s\u00e9minaires, des lancements de produits, des \u00e9v\u00e9nements priv\u00e9s, des galas et des d\u00e9cors th\u00e9matiques.\" \/>\n<meta property=\"og:url\" content=\"https:\/\/affresco.it\/fr\/carolina-santarelli\/\" \/>\n<meta property=\"og:site_name\" content=\"Affresco\" \/>\n<meta property=\"article:modified_time\" content=\"2022-11-16T12:01:24+00:00\" \/>\n<meta property=\"og:image\" content=\"https:\/\/affresco.it\/wp-content\/uploads\/2020\/12\/Schermata-2020-12-04-alle-12.02.58.png\" \/>\n\t<meta property=\"og:image:width\" content=\"2878\" \/>\n\t<meta property=\"og:image:height\" content=\"912\" \/>\n<meta name=\"twitter:card\" content=\"summary_large_image\" \/>\n<script type=\"application\/ld+json\" class=\"yoast-schema-graph\">{\"@context\":\"https:\/\/schema.org\",\"@graph\":[{\"@type\":\"WebSite\",\"@id\":\"https:\/\/affresco.it\/fr\/#website\",\"url\":\"https:\/\/affresco.it\/fr\/\",\"name\":\"Affresco\",\"description\":\"Un nuovo sito targato WordPress\",\"potentialAction\":[{\"@type\":\"SearchAction\",\"target\":\"https:\/\/affresco.it\/fr\/?s={search_term_string}\",\"query-input\":\"required name=search_term_string\"}],\"inLanguage\":\"fr-FR\"},{\"@type\":\"ImageObject\",\"@id\":\"https:\/\/affresco.it\/fr\/carolina-santarelli\/#primaryimage\",\"inLanguage\":\"fr-FR\",\"url\":\"https:\/\/affresco.it\/wp-content\/uploads\/2020\/12\/Schermata-2020-12-04-alle-12.02.58.png\",\"width\":2878,\"height\":912},{\"@type\":\"WebPage\",\"@id\":\"https:\/\/affresco.it\/fr\/carolina-santarelli\/#webpage\",\"url\":\"https:\/\/affresco.it\/fr\/carolina-santarelli\/\",\"name\":\"About us &ndash; Affresco\",\"isPartOf\":{\"@id\":\"https:\/\/affresco.it\/fr\/#website\"},\"primaryImageOfPage\":{\"@id\":\"https:\/\/affresco.it\/fr\/carolina-santarelli\/#primaryimage\"},\"datePublished\":\"2019-01-25T09:59:57+00:00\",\"dateModified\":\"2022-11-16T12:01:24+00:00\",\"description\":\"Affresco est compos\\u00e9e d'experts de grande valeur, tous dot\\u00e9s de propres talents et d'une exp\\u00e9rience plurid\\u00e9cennale dans le secteur de l'\\u00e9v\\u00e9nementiel orchestrer des \\u00e9v\\u00e9nements artistiques et culturels, des programmes incentive, des conf\\u00e9rences et des s\\u00e9minaires, des lancements de produits, des \\u00e9v\\u00e9nements priv\\u00e9s, des galas et des d\\u00e9cors th\\u00e9matiques.\",\"breadcrumb\":{\"@id\":\"https:\/\/affresco.it\/fr\/carolina-santarelli\/#breadcrumb\"},\"inLanguage\":\"fr-FR\",\"potentialAction\":[{\"@type\":\"ReadAction\",\"target\":[\"https:\/\/affresco.it\/fr\/carolina-santarelli\/\"]}]},{\"@type\":\"BreadcrumbList\",\"@id\":\"https:\/\/affresco.it\/fr\/carolina-santarelli\/#breadcrumb\",\"itemListElement\":[{\"@type\":\"ListItem\",\"position\":1,\"item\":{\"@type\":\"WebPage\",\"@id\":\"https:\/\/affresco.it\/fr\/\",\"url\":\"https:\/\/affresco.it\/fr\/\",\"name\":\"Home\"}},{\"@type\":\"ListItem\",\"position\":2,\"item\":{\"@type\":\"WebPage\",\"@id\":\"https:\/\/affresco.it\/fr\/carolina-santarelli\/\",\"url\":\"https:\/\/affresco.it\/fr\/carolina-santarelli\/\",\"name\":\"About us\"}}]}]}<\/script>\n<!-- \/ Yoast SEO plugin. -->","_links":{"self":[{"href":"https:\/\/affresco.it\/fr\/wp-json\/wp\/v2\/pages\/1670\/"}],"collection":[{"href":"https:\/\/affresco.it\/fr\/wp-json\/wp\/v2\/pages\/"}],"about":[{"href":"https:\/\/affresco.it\/fr\/wp-json\/wp\/v2\/types\/page\/"}],"author":[{"embeddable":true,"href":"https:\/\/affresco.it\/fr\/wp-json\/wp\/v2\/users\/1\/"}],"replies":[{"embeddable":true,"href":"https:\/\/affresco.it\/fr\/wp-json\/wp\/v2\/comments\/?post=1670"}],"version-history":[{"count":12,"href":"https:\/\/affresco.it\/fr\/wp-json\/wp\/v2\/pages\/1670\/revisions\/"}],"predecessor-version":[{"id":2460,"href":"https:\/\/affresco.it\/fr\/wp-json\/wp\/v2\/pages\/1670\/revisions\/2460\/"}],"wp:featuredmedia":[{"embeddable":true,"href":"https:\/\/affresco.it\/fr\/wp-json\/wp\/v2\/media\/1672\/"}],"wp:attachment":[{"href":"https:\/\/affresco.it\/fr\/wp-json\/wp\/v2\/media\/?parent=1670"}],"curies":[{"name":"wp","href":"https:\/\/api.w.org\/{rel}","templated":true}]}}