{"id":1682,"date":"2020-06-19T17:22:46","date_gmt":"2020-06-19T15:22:46","guid":{"rendered":"https:\/\/affresco.it\/affresco-chic-celebration\/"},"modified":"2021-03-01T17:43:22","modified_gmt":"2021-03-01T16:43:22","slug":"affresco-chic-celebration","status":"publish","type":"page","link":"https:\/\/affresco.it\/fr\/affresco-chic-celebration\/","title":{"rendered":"AFFRESCO CHIC CELEBRATION"},"content":{"rendered":"<p>Pase ricerco e colleziono oggetti inusuali e pezzi unici per decorare<\/p>\n","protected":false},"excerpt":{"rendered":"<p>\u00ab\u00a0J&rsquo;ai toujours recherch\u00e9 et collectionn\u00e9 des objets insolites et des pi\u00e8ces uniques pour d\u00e9corer mes tables de r\u00e9ception, tout en jouant avec les symboles et les significations pour divertir mes invit\u00e9s. <\/p>\n","protected":false},"author":2,"featured_media":1684,"parent":0,"menu_order":0,"comment_status":"closed","ping_status":"closed","template":"tpl-main-service.php","meta":[],"yoast_head":"<!-- This site is optimized with the Yoast SEO plugin v15.0 - https:\/\/yoast.com\/wordpress\/plugins\/seo\/ -->\n<meta name=\"description\" content=\"A partir d&#039;une grande passion et de la conviction qu&#039;une id\u00e9e ne peut rester seulement une id\u00e9e est n\u00e9 l&#039;Atelier de d\u00e9cors th\u00e9matiques d&#039;Affresco, Chic Celebration\" \/>\n<meta name=\"robots\" content=\"index, follow, max-snippet:-1, max-image-preview:large, max-video-preview:-1\" \/>\n<link rel=\"canonical\" href=\"https:\/\/affresco.it\/fr\/affresco-chic-celebration\/\" \/>\n<meta property=\"og:locale\" content=\"fr_FR\" \/>\n<meta property=\"og:type\" content=\"article\" \/>\n<meta property=\"og:title\" content=\"AFFRESCO CHIC CELEBRATION &ndash; Affresco\" \/>\n<meta property=\"og:description\" content=\"A partir d&#039;une grande passion et de la conviction qu&#039;une id\u00e9e ne peut rester seulement une id\u00e9e est n\u00e9 l&#039;Atelier de d\u00e9cors th\u00e9matiques d&#039;Affresco, Chic Celebration\" \/>\n<meta property=\"og:url\" content=\"https:\/\/affresco.it\/fr\/affresco-chic-celebration\/\" \/>\n<meta property=\"og:site_name\" content=\"Affresco\" \/>\n<meta property=\"article:modified_time\" content=\"2021-03-01T16:43:22+00:00\" \/>\n<meta property=\"og:image\" content=\"https:\/\/affresco.it\/wp-content\/uploads\/2020\/09\/hunting-themed-dinner-2-e1615208532557.jpg\" \/>\n\t<meta property=\"og:image:width\" content=\"1024\" \/>\n\t<meta property=\"og:image:height\" content=\"647\" \/>\n<meta name=\"twitter:card\" content=\"summary_large_image\" \/>\n<script type=\"application\/ld+json\" class=\"yoast-schema-graph\">{\"@context\":\"https:\/\/schema.org\",\"@graph\":[{\"@type\":\"WebSite\",\"@id\":\"https:\/\/affresco.it\/fr\/#website\",\"url\":\"https:\/\/affresco.it\/fr\/\",\"name\":\"Affresco\",\"description\":\"Un nuovo sito targato WordPress\",\"potentialAction\":[{\"@type\":\"SearchAction\",\"target\":\"https:\/\/affresco.it\/fr\/?s={search_term_string}\",\"query-input\":\"required name=search_term_string\"}],\"inLanguage\":\"fr-FR\"},{\"@type\":\"ImageObject\",\"@id\":\"https:\/\/affresco.it\/fr\/affresco-chic-celebration\/#primaryimage\",\"inLanguage\":\"fr-FR\",\"url\":\"https:\/\/affresco.it\/wp-content\/uploads\/2020\/09\/hunting-themed-dinner-2-e1615208532557.jpg\",\"width\":1024,\"height\":647},{\"@type\":\"WebPage\",\"@id\":\"https:\/\/affresco.it\/fr\/affresco-chic-celebration\/#webpage\",\"url\":\"https:\/\/affresco.it\/fr\/affresco-chic-celebration\/\",\"name\":\"AFFRESCO CHIC CELEBRATION &ndash; Affresco\",\"isPartOf\":{\"@id\":\"https:\/\/affresco.it\/fr\/#website\"},\"primaryImageOfPage\":{\"@id\":\"https:\/\/affresco.it\/fr\/affresco-chic-celebration\/#primaryimage\"},\"datePublished\":\"2020-06-19T15:22:46+00:00\",\"dateModified\":\"2021-03-01T16:43:22+00:00\",\"description\":\"A partir d'une grande passion et de la conviction qu'une id\\u00e9e ne peut rester seulement une id\\u00e9e est n\\u00e9 l'Atelier de d\\u00e9cors th\\u00e9matiques d'Affresco, Chic Celebration\",\"breadcrumb\":{\"@id\":\"https:\/\/affresco.it\/fr\/affresco-chic-celebration\/#breadcrumb\"},\"inLanguage\":\"fr-FR\",\"potentialAction\":[{\"@type\":\"ReadAction\",\"target\":[\"https:\/\/affresco.it\/fr\/affresco-chic-celebration\/\"]}]},{\"@type\":\"BreadcrumbList\",\"@id\":\"https:\/\/affresco.it\/fr\/affresco-chic-celebration\/#breadcrumb\",\"itemListElement\":[{\"@type\":\"ListItem\",\"position\":1,\"item\":{\"@type\":\"WebPage\",\"@id\":\"https:\/\/affresco.it\/fr\/\",\"url\":\"https:\/\/affresco.it\/fr\/\",\"name\":\"Home\"}},{\"@type\":\"ListItem\",\"position\":2,\"item\":{\"@type\":\"WebPage\",\"@id\":\"https:\/\/affresco.it\/fr\/affresco-chic-celebration\/\",\"url\":\"https:\/\/affresco.it\/fr\/affresco-chic-celebration\/\",\"name\":\"AFFRESCO CHIC CELEBRATION\"}}]}]}<\/script>\n<!-- \/ Yoast SEO plugin. -->","_links":{"self":[{"href":"https:\/\/affresco.it\/fr\/wp-json\/wp\/v2\/pages\/1682\/"}],"collection":[{"href":"https:\/\/affresco.it\/fr\/wp-json\/wp\/v2\/pages\/"}],"about":[{"href":"https:\/\/affresco.it\/fr\/wp-json\/wp\/v2\/types\/page\/"}],"author":[{"embeddable":true,"href":"https:\/\/affresco.it\/fr\/wp-json\/wp\/v2\/users\/2\/"}],"replies":[{"embeddable":true,"href":"https:\/\/affresco.it\/fr\/wp-json\/wp\/v2\/comments\/?post=1682"}],"version-history":[{"count":5,"href":"https:\/\/affresco.it\/fr\/wp-json\/wp\/v2\/pages\/1682\/revisions\/"}],"predecessor-version":[{"id":2298,"href":"https:\/\/affresco.it\/fr\/wp-json\/wp\/v2\/pages\/1682\/revisions\/2298\/"}],"wp:featuredmedia":[{"embeddable":true,"href":"https:\/\/affresco.it\/fr\/wp-json\/wp\/v2\/media\/1684\/"}],"wp:attachment":[{"href":"https:\/\/affresco.it\/fr\/wp-json\/wp\/v2\/media\/?parent=1682"}],"curies":[{"name":"wp","href":"https:\/\/api.w.org\/{rel}","templated":true}]}}