{"id":1697,"date":"2020-06-19T17:27:06","date_gmt":"2020-06-19T15:27:06","guid":{"rendered":"https:\/\/affresco.it\/affresco-chic-celebration\/event-theme-design\/"},"modified":"2021-02-23T16:34:13","modified_gmt":"2021-02-23T15:34:13","slug":"conception-devenements-a-theme","status":"publish","type":"page","link":"https:\/\/affresco.it\/fr\/affresco-chic-celebration\/conception-devenements-a-theme\/","title":{"rendered":"CONCEPTION D&rsquo;\u00c9V\u00c9NEMENTS \u00c0 TH\u00c8ME"},"content":{"rendered":"<p class=\"Standard\" style=\"text-align: justify; text-justify: inter-ideograph;\"><span lang=\"FR\">Gouache et pinceaux, papier et ciseaux, bois et clous, raphia, \u00e9toffes, paillettes, velours et rubans ne sont que quelqu&rsquo;uns des outils qui nous permettent de concevoir un monde merveilleux qui n&rsquo;existait pas. Confiez vos r\u00eaves aux mains expertes de nos Ma\u00eetres d\u00e9corateurs et \u00e0 notre intarissable cr\u00e9ativit\u00e9. De la conception \u00e0 la r\u00e9alisation technique des installations th\u00e9matiques les plus incroyables, tous les projets les plus \u201cinimagnifiques\u201d deviennent r\u00e9alit\u00e9.<\/span><\/p>\n","protected":false},"excerpt":{"rendered":"<p>Gouache et pinceaux, papier et ciseaux, bois et clous, raphia, \u00e9toffes, paillettes, velours et rubans ne sont que quelqu&rsquo;uns des [&hellip;]<\/p>\n","protected":false},"author":2,"featured_media":2683,"parent":1682,"menu_order":0,"comment_status":"closed","ping_status":"closed","template":"tpl-service.php","meta":[],"yoast_head":"<!-- This site is optimized with the Yoast SEO plugin v15.0 - https:\/\/yoast.com\/wordpress\/plugins\/seo\/ -->\n<meta name=\"description\" content=\"De la conception \u00e0 la r\u00e9alisation technique des installations th\u00e9matiques les plus incroyables, tous les projets les plus \u201cinimagnifiques\u201d deviennent r\u00e9alit\u00e9\" \/>\n<meta name=\"robots\" content=\"index, follow, max-snippet:-1, max-image-preview:large, max-video-preview:-1\" \/>\n<link rel=\"canonical\" href=\"https:\/\/affresco.it\/fr\/affresco-chic-celebration\/conception-devenements-a-theme\/\" \/>\n<meta property=\"og:locale\" content=\"fr_FR\" \/>\n<meta property=\"og:type\" content=\"article\" \/>\n<meta property=\"og:title\" content=\"CONCEPTION D&#039;\u00c9V\u00c9NEMENTS \u00c0 TH\u00c8ME &ndash; Affresco\" \/>\n<meta property=\"og:description\" content=\"De la conception \u00e0 la r\u00e9alisation technique des installations th\u00e9matiques les plus incroyables, tous les projets les plus \u201cinimagnifiques\u201d deviennent r\u00e9alit\u00e9\" \/>\n<meta property=\"og:url\" content=\"https:\/\/affresco.it\/fr\/affresco-chic-celebration\/conception-devenements-a-theme\/\" \/>\n<meta property=\"og:site_name\" content=\"Affresco\" \/>\n<meta property=\"article:modified_time\" content=\"2021-02-23T15:34:13+00:00\" \/>\n<meta property=\"og:image\" content=\"https:\/\/affresco.it\/wp-content\/uploads\/2020\/10\/hunting-themed-dinner-e1606217064530.jpg\" \/>\n\t<meta property=\"og:image:width\" content=\"1000\" \/>\n\t<meta property=\"og:image:height\" content=\"650\" \/>\n<meta name=\"twitter:card\" content=\"summary_large_image\" \/>\n<script type=\"application\/ld+json\" class=\"yoast-schema-graph\">{\"@context\":\"https:\/\/schema.org\",\"@graph\":[{\"@type\":\"WebSite\",\"@id\":\"https:\/\/affresco.it\/fr\/#website\",\"url\":\"https:\/\/affresco.it\/fr\/\",\"name\":\"Affresco\",\"description\":\"Un nuovo sito targato WordPress\",\"potentialAction\":[{\"@type\":\"SearchAction\",\"target\":\"https:\/\/affresco.it\/fr\/?s={search_term_string}\",\"query-input\":\"required name=search_term_string\"}],\"inLanguage\":\"fr-FR\"},{\"@type\":\"ImageObject\",\"@id\":\"https:\/\/affresco.it\/fr\/affresco-chic-celebration\/conception-devenements-a-theme\/#primaryimage\",\"inLanguage\":\"fr-FR\",\"url\":\"https:\/\/affresco.it\/wp-content\/uploads\/2024\/12\/6H9A7168.jpg\",\"width\":1619,\"height\":1080},{\"@type\":\"WebPage\",\"@id\":\"https:\/\/affresco.it\/fr\/affresco-chic-celebration\/conception-devenements-a-theme\/#webpage\",\"url\":\"https:\/\/affresco.it\/fr\/affresco-chic-celebration\/conception-devenements-a-theme\/\",\"name\":\"CONCEPTION D'\\u00c9V\\u00c9NEMENTS \\u00c0 TH\\u00c8ME &ndash; Affresco\",\"isPartOf\":{\"@id\":\"https:\/\/affresco.it\/fr\/#website\"},\"primaryImageOfPage\":{\"@id\":\"https:\/\/affresco.it\/fr\/affresco-chic-celebration\/conception-devenements-a-theme\/#primaryimage\"},\"datePublished\":\"2020-06-19T15:27:06+00:00\",\"dateModified\":\"2021-02-23T15:34:13+00:00\",\"description\":\"De la conception \\u00e0 la r\\u00e9alisation technique des installations th\\u00e9matiques les plus incroyables, tous les projets les plus \\u201cinimagnifiques\\u201d deviennent r\\u00e9alit\\u00e9\",\"breadcrumb\":{\"@id\":\"https:\/\/affresco.it\/fr\/affresco-chic-celebration\/conception-devenements-a-theme\/#breadcrumb\"},\"inLanguage\":\"fr-FR\",\"potentialAction\":[{\"@type\":\"ReadAction\",\"target\":[\"https:\/\/affresco.it\/fr\/affresco-chic-celebration\/conception-devenements-a-theme\/\"]}]},{\"@type\":\"BreadcrumbList\",\"@id\":\"https:\/\/affresco.it\/fr\/affresco-chic-celebration\/conception-devenements-a-theme\/#breadcrumb\",\"itemListElement\":[{\"@type\":\"ListItem\",\"position\":1,\"item\":{\"@type\":\"WebPage\",\"@id\":\"https:\/\/affresco.it\/fr\/\",\"url\":\"https:\/\/affresco.it\/fr\/\",\"name\":\"Home\"}},{\"@type\":\"ListItem\",\"position\":2,\"item\":{\"@type\":\"WebPage\",\"@id\":\"https:\/\/affresco.it\/fr\/affresco-chic-celebration\/\",\"url\":\"https:\/\/affresco.it\/fr\/affresco-chic-celebration\/\",\"name\":\"AFFRESCO CHIC CELEBRATION\"}},{\"@type\":\"ListItem\",\"position\":3,\"item\":{\"@type\":\"WebPage\",\"@id\":\"https:\/\/affresco.it\/fr\/affresco-chic-celebration\/conception-devenements-a-theme\/\",\"url\":\"https:\/\/affresco.it\/fr\/affresco-chic-celebration\/conception-devenements-a-theme\/\",\"name\":\"CONCEPTION D&#8217;\\u00c9V\\u00c9NEMENTS \\u00c0 TH\\u00c8ME\"}}]}]}<\/script>\n<!-- \/ Yoast SEO plugin. -->","_links":{"self":[{"href":"https:\/\/affresco.it\/fr\/wp-json\/wp\/v2\/pages\/1697\/"}],"collection":[{"href":"https:\/\/affresco.it\/fr\/wp-json\/wp\/v2\/pages\/"}],"about":[{"href":"https:\/\/affresco.it\/fr\/wp-json\/wp\/v2\/types\/page\/"}],"author":[{"embeddable":true,"href":"https:\/\/affresco.it\/fr\/wp-json\/wp\/v2\/users\/2\/"}],"replies":[{"embeddable":true,"href":"https:\/\/affresco.it\/fr\/wp-json\/wp\/v2\/comments\/?post=1697"}],"version-history":[{"count":2,"href":"https:\/\/affresco.it\/fr\/wp-json\/wp\/v2\/pages\/1697\/revisions\/"}],"predecessor-version":[{"id":1701,"href":"https:\/\/affresco.it\/fr\/wp-json\/wp\/v2\/pages\/1697\/revisions\/1701\/"}],"up":[{"embeddable":true,"href":"https:\/\/affresco.it\/fr\/wp-json\/wp\/v2\/pages\/1682\/"}],"wp:featuredmedia":[{"embeddable":true,"href":"https:\/\/affresco.it\/fr\/wp-json\/wp\/v2\/media\/2683\/"}],"wp:attachment":[{"href":"https:\/\/affresco.it\/fr\/wp-json\/wp\/v2\/media\/?parent=1697"}],"curies":[{"name":"wp","href":"https:\/\/api.w.org\/{rel}","templated":true}]}}