{"id":1781,"date":"2020-06-19T17:31:52","date_gmt":"2020-06-19T15:31:52","guid":{"rendered":"https:\/\/affresco.it\/affresco-chic-celebration\/intrattenimento\/"},"modified":"2021-02-24T11:19:31","modified_gmt":"2021-02-24T10:19:31","slug":"animation","status":"publish","type":"page","link":"https:\/\/affresco.it\/fr\/affresco-chic-celebration\/animation\/","title":{"rendered":"ANIMATION"},"content":{"rendered":"<p class=\"Standard\" style=\"text-align: justify; text-justify: inter-ideograph;\"><span lang=\"FR\">L\u2019animation musicale et artistique est une facette essentielle de l&rsquo;histoire et de l&rsquo;atmosph\u00e8re que nous imaginons pour nos projets. Pour parfaire le d\u00e9cor, nous r\u00e9alisons la chor\u00e9graphie de l&rsquo;\u00e9v\u00e9nement que nous concevons en orchestrant la musique, les lumi\u00e8res, les acteurs et tous les artistes qui en composeront le cadre.<br \/>\nChaque occasion se transforme en un v\u00e9ritable spectacle dont tous les \u00e9l\u00e9ments sont soigneusement agenc\u00e9s pour \u00e9veiller vos cinq sens.<\/span><\/p>\n","protected":false},"excerpt":{"rendered":"<p>L\u2019animation musicale et artistique est une facette essentielle de l&rsquo;histoire et de l&rsquo;atmosph\u00e8re que nous imaginons pour nos projets. Pour [&hellip;]<\/p>\n","protected":false},"author":2,"featured_media":2622,"parent":1682,"menu_order":0,"comment_status":"closed","ping_status":"closed","template":"tpl-service.php","meta":[],"yoast_head":"<!-- This site is optimized with the Yoast SEO plugin v15.0 - https:\/\/yoast.com\/wordpress\/plugins\/seo\/ -->\n<meta name=\"description\" content=\"L\u2019animation musicale et artistique spectacle \u00e9veiller vos cinq sens la musique, les lumi\u00e8res, les acteurs et tous les artistes qui en composeront le cadre\" \/>\n<meta name=\"robots\" content=\"index, follow, max-snippet:-1, max-image-preview:large, max-video-preview:-1\" \/>\n<link rel=\"canonical\" href=\"https:\/\/affresco.it\/fr\/affresco-chic-celebration\/animation\/\" \/>\n<meta property=\"og:locale\" content=\"fr_FR\" \/>\n<meta property=\"og:type\" content=\"article\" \/>\n<meta property=\"og:title\" content=\"ANIMATION &ndash; Affresco\" \/>\n<meta property=\"og:description\" content=\"L\u2019animation musicale et artistique spectacle \u00e9veiller vos cinq sens la musique, les lumi\u00e8res, les acteurs et tous les artistes qui en composeront le cadre\" \/>\n<meta property=\"og:url\" content=\"https:\/\/affresco.it\/fr\/affresco-chic-celebration\/animation\/\" \/>\n<meta property=\"og:site_name\" content=\"Affresco\" \/>\n<meta property=\"article:modified_time\" content=\"2021-02-24T10:19:31+00:00\" \/>\n<meta property=\"og:image\" content=\"https:\/\/affresco.it\/wp-content\/uploads\/2020\/10\/eventi-affresco-2.jpg\" \/>\n\t<meta property=\"og:image:width\" content=\"1024\" \/>\n\t<meta property=\"og:image:height\" content=\"683\" \/>\n<meta name=\"twitter:card\" content=\"summary_large_image\" \/>\n<script type=\"application\/ld+json\" class=\"yoast-schema-graph\">{\"@context\":\"https:\/\/schema.org\",\"@graph\":[{\"@type\":\"WebSite\",\"@id\":\"https:\/\/affresco.it\/fr\/#website\",\"url\":\"https:\/\/affresco.it\/fr\/\",\"name\":\"Affresco\",\"description\":\"Un nuovo sito targato WordPress\",\"potentialAction\":[{\"@type\":\"SearchAction\",\"target\":\"https:\/\/affresco.it\/fr\/?s={search_term_string}\",\"query-input\":\"required name=search_term_string\"}],\"inLanguage\":\"fr-FR\"},{\"@type\":\"ImageObject\",\"@id\":\"https:\/\/affresco.it\/fr\/affresco-chic-celebration\/animation\/#primaryimage\",\"inLanguage\":\"fr-FR\",\"url\":\"https:\/\/affresco.it\/wp-content\/uploads\/2024\/12\/2C6A0148.jpg\",\"width\":1619,\"height\":1080},{\"@type\":\"WebPage\",\"@id\":\"https:\/\/affresco.it\/fr\/affresco-chic-celebration\/animation\/#webpage\",\"url\":\"https:\/\/affresco.it\/fr\/affresco-chic-celebration\/animation\/\",\"name\":\"ANIMATION &ndash; Affresco\",\"isPartOf\":{\"@id\":\"https:\/\/affresco.it\/fr\/#website\"},\"primaryImageOfPage\":{\"@id\":\"https:\/\/affresco.it\/fr\/affresco-chic-celebration\/animation\/#primaryimage\"},\"datePublished\":\"2020-06-19T15:31:52+00:00\",\"dateModified\":\"2021-02-24T10:19:31+00:00\",\"description\":\"L\\u2019animation musicale et artistique spectacle \\u00e9veiller vos cinq sens la musique, les lumi\\u00e8res, les acteurs et tous les artistes qui en composeront le cadre\",\"breadcrumb\":{\"@id\":\"https:\/\/affresco.it\/fr\/affresco-chic-celebration\/animation\/#breadcrumb\"},\"inLanguage\":\"fr-FR\",\"potentialAction\":[{\"@type\":\"ReadAction\",\"target\":[\"https:\/\/affresco.it\/fr\/affresco-chic-celebration\/animation\/\"]}]},{\"@type\":\"BreadcrumbList\",\"@id\":\"https:\/\/affresco.it\/fr\/affresco-chic-celebration\/animation\/#breadcrumb\",\"itemListElement\":[{\"@type\":\"ListItem\",\"position\":1,\"item\":{\"@type\":\"WebPage\",\"@id\":\"https:\/\/affresco.it\/fr\/\",\"url\":\"https:\/\/affresco.it\/fr\/\",\"name\":\"Home\"}},{\"@type\":\"ListItem\",\"position\":2,\"item\":{\"@type\":\"WebPage\",\"@id\":\"https:\/\/affresco.it\/fr\/affresco-chic-celebration\/\",\"url\":\"https:\/\/affresco.it\/fr\/affresco-chic-celebration\/\",\"name\":\"AFFRESCO CHIC CELEBRATION\"}},{\"@type\":\"ListItem\",\"position\":3,\"item\":{\"@type\":\"WebPage\",\"@id\":\"https:\/\/affresco.it\/fr\/affresco-chic-celebration\/animation\/\",\"url\":\"https:\/\/affresco.it\/fr\/affresco-chic-celebration\/animation\/\",\"name\":\"ANIMATION\"}}]}]}<\/script>\n<!-- \/ Yoast SEO plugin. -->","_links":{"self":[{"href":"https:\/\/affresco.it\/fr\/wp-json\/wp\/v2\/pages\/1781\/"}],"collection":[{"href":"https:\/\/affresco.it\/fr\/wp-json\/wp\/v2\/pages\/"}],"about":[{"href":"https:\/\/affresco.it\/fr\/wp-json\/wp\/v2\/types\/page\/"}],"author":[{"embeddable":true,"href":"https:\/\/affresco.it\/fr\/wp-json\/wp\/v2\/users\/2\/"}],"replies":[{"embeddable":true,"href":"https:\/\/affresco.it\/fr\/wp-json\/wp\/v2\/comments\/?post=1781"}],"version-history":[{"count":3,"href":"https:\/\/affresco.it\/fr\/wp-json\/wp\/v2\/pages\/1781\/revisions\/"}],"predecessor-version":[{"id":2158,"href":"https:\/\/affresco.it\/fr\/wp-json\/wp\/v2\/pages\/1781\/revisions\/2158\/"}],"up":[{"embeddable":true,"href":"https:\/\/affresco.it\/fr\/wp-json\/wp\/v2\/pages\/1682\/"}],"wp:featuredmedia":[{"embeddable":true,"href":"https:\/\/affresco.it\/fr\/wp-json\/wp\/v2\/media\/2622\/"}],"wp:attachment":[{"href":"https:\/\/affresco.it\/fr\/wp-json\/wp\/v2\/media\/?parent=1781"}],"curies":[{"name":"wp","href":"https:\/\/api.w.org\/{rel}","templated":true}]}}