{"id":1805,"date":"2020-06-19T17:28:37","date_gmt":"2020-06-19T15:28:37","guid":{"rendered":"https:\/\/affresco.it\/affresco-chic-celebration\/private-events-and-celebrations\/"},"modified":"2021-02-23T16:44:39","modified_gmt":"2021-02-23T15:44:39","slug":"private-events-and-celebrations","status":"publish","type":"page","link":"https:\/\/affresco.it\/fr\/affresco-chic-celebration\/private-events-and-celebrations\/","title":{"rendered":"C\u00c9L\u00c9BRATIONS PRIV\u00c9ES"},"content":{"rendered":"<p>Certains moments de la vie m\u00e9ritent d&rsquo;\u00eatre c\u00e9l\u00e9br\u00e9s de fa\u00e7on exceptionnelle. Pour nous, chaque occasion est une opportunit\u00e9 pr\u00e9cieuse de cr\u00e9er des souvenirs \u00e0 partager et des instants magiques \u00e0 vivre avec ceux que vous aimez. F\u00eates priv\u00e9es, retraites familiales, anniversaires de mariage et anniversaires sp\u00e9ciaux sont parmi les \u00e9v\u00e9nements les plus demand\u00e9s \u00e0 notre service Chic Celebration parce que dans chaque d\u00e9tail, dans chaque choix, nous cherchons \u00e0 exprimer vos d\u00e9sirs et construire une occasion inoubliable pour vous et\u00a0 vos proches de f\u00eater des \u00e9tapes essentielles.<\/p>\n","protected":false},"excerpt":{"rendered":"<p>Certains moments de la vie m\u00e9ritent d&rsquo;\u00eatre c\u00e9l\u00e9br\u00e9s de fa\u00e7on exceptionnelle. Pour nous, chaque occasion est une opportunit\u00e9 pr\u00e9cieuse de [&hellip;]<\/p>\n","protected":false},"author":2,"featured_media":2556,"parent":1682,"menu_order":0,"comment_status":"closed","ping_status":"closed","template":"tpl-service.php","meta":[],"yoast_head":"<!-- This site is optimized with the Yoast SEO plugin v15.0 - https:\/\/yoast.com\/wordpress\/plugins\/seo\/ -->\n<meta name=\"description\" content=\"F\u00eates priv\u00e9es, retraites familiales, anniversaires de mariage et anniversaires sp\u00e9ciaux sont parmi les \u00e9v\u00e9nements les plus demand\u00e9s \u00e0 notre service Chic Celebration\" \/>\n<meta name=\"robots\" content=\"index, follow, max-snippet:-1, max-image-preview:large, max-video-preview:-1\" \/>\n<link rel=\"canonical\" href=\"https:\/\/affresco.it\/fr\/affresco-chic-celebration\/private-events-and-celebrations\/\" \/>\n<meta property=\"og:locale\" content=\"fr_FR\" \/>\n<meta property=\"og:type\" content=\"article\" \/>\n<meta property=\"og:title\" content=\"C\u00c9L\u00c9BRATIONS PRIV\u00c9ES &ndash; Affresco\" \/>\n<meta property=\"og:description\" content=\"F\u00eates priv\u00e9es, retraites familiales, anniversaires de mariage et anniversaires sp\u00e9ciaux sont parmi les \u00e9v\u00e9nements les plus demand\u00e9s \u00e0 notre service Chic Celebration\" \/>\n<meta property=\"og:url\" content=\"https:\/\/affresco.it\/fr\/affresco-chic-celebration\/private-events-and-celebrations\/\" \/>\n<meta property=\"og:site_name\" content=\"Affresco\" \/>\n<meta property=\"article:modified_time\" content=\"2021-02-23T15:44:39+00:00\" \/>\n<meta property=\"og:image\" content=\"https:\/\/affresco.it\/wp-content\/uploads\/2020\/09\/beach-private-dinner.jpg\" \/>\n\t<meta property=\"og:image:width\" content=\"1703\" \/>\n\t<meta property=\"og:image:height\" content=\"1133\" \/>\n<meta name=\"twitter:card\" content=\"summary_large_image\" \/>\n<script type=\"application\/ld+json\" class=\"yoast-schema-graph\">{\"@context\":\"https:\/\/schema.org\",\"@graph\":[{\"@type\":\"WebSite\",\"@id\":\"https:\/\/affresco.it\/fr\/#website\",\"url\":\"https:\/\/affresco.it\/fr\/\",\"name\":\"Affresco\",\"description\":\"Un nuovo sito targato WordPress\",\"potentialAction\":[{\"@type\":\"SearchAction\",\"target\":\"https:\/\/affresco.it\/fr\/?s={search_term_string}\",\"query-input\":\"required name=search_term_string\"}],\"inLanguage\":\"fr-FR\"},{\"@type\":\"ImageObject\",\"@id\":\"https:\/\/affresco.it\/fr\/affresco-chic-celebration\/private-events-and-celebrations\/#primaryimage\",\"inLanguage\":\"fr-FR\",\"url\":\"https:\/\/affresco.it\/wp-content\/uploads\/2024\/11\/6H9A9431.jpg\",\"width\":1619,\"height\":1080},{\"@type\":\"WebPage\",\"@id\":\"https:\/\/affresco.it\/fr\/affresco-chic-celebration\/private-events-and-celebrations\/#webpage\",\"url\":\"https:\/\/affresco.it\/fr\/affresco-chic-celebration\/private-events-and-celebrations\/\",\"name\":\"C\\u00c9L\\u00c9BRATIONS PRIV\\u00c9ES &ndash; Affresco\",\"isPartOf\":{\"@id\":\"https:\/\/affresco.it\/fr\/#website\"},\"primaryImageOfPage\":{\"@id\":\"https:\/\/affresco.it\/fr\/affresco-chic-celebration\/private-events-and-celebrations\/#primaryimage\"},\"datePublished\":\"2020-06-19T15:28:37+00:00\",\"dateModified\":\"2021-02-23T15:44:39+00:00\",\"description\":\"F\\u00eates priv\\u00e9es, retraites familiales, anniversaires de mariage et anniversaires sp\\u00e9ciaux sont parmi les \\u00e9v\\u00e9nements les plus demand\\u00e9s \\u00e0 notre service Chic Celebration\",\"breadcrumb\":{\"@id\":\"https:\/\/affresco.it\/fr\/affresco-chic-celebration\/private-events-and-celebrations\/#breadcrumb\"},\"inLanguage\":\"fr-FR\",\"potentialAction\":[{\"@type\":\"ReadAction\",\"target\":[\"https:\/\/affresco.it\/fr\/affresco-chic-celebration\/private-events-and-celebrations\/\"]}]},{\"@type\":\"BreadcrumbList\",\"@id\":\"https:\/\/affresco.it\/fr\/affresco-chic-celebration\/private-events-and-celebrations\/#breadcrumb\",\"itemListElement\":[{\"@type\":\"ListItem\",\"position\":1,\"item\":{\"@type\":\"WebPage\",\"@id\":\"https:\/\/affresco.it\/fr\/\",\"url\":\"https:\/\/affresco.it\/fr\/\",\"name\":\"Home\"}},{\"@type\":\"ListItem\",\"position\":2,\"item\":{\"@type\":\"WebPage\",\"@id\":\"https:\/\/affresco.it\/fr\/affresco-chic-celebration\/\",\"url\":\"https:\/\/affresco.it\/fr\/affresco-chic-celebration\/\",\"name\":\"AFFRESCO CHIC CELEBRATION\"}},{\"@type\":\"ListItem\",\"position\":3,\"item\":{\"@type\":\"WebPage\",\"@id\":\"https:\/\/affresco.it\/fr\/affresco-chic-celebration\/private-events-and-celebrations\/\",\"url\":\"https:\/\/affresco.it\/fr\/affresco-chic-celebration\/private-events-and-celebrations\/\",\"name\":\"C\\u00c9L\\u00c9BRATIONS PRIV\\u00c9ES\"}}]}]}<\/script>\n<!-- \/ Yoast SEO plugin. -->","_links":{"self":[{"href":"https:\/\/affresco.it\/fr\/wp-json\/wp\/v2\/pages\/1805\/"}],"collection":[{"href":"https:\/\/affresco.it\/fr\/wp-json\/wp\/v2\/pages\/"}],"about":[{"href":"https:\/\/affresco.it\/fr\/wp-json\/wp\/v2\/types\/page\/"}],"author":[{"embeddable":true,"href":"https:\/\/affresco.it\/fr\/wp-json\/wp\/v2\/users\/2\/"}],"replies":[{"embeddable":true,"href":"https:\/\/affresco.it\/fr\/wp-json\/wp\/v2\/comments\/?post=1805"}],"version-history":[{"count":2,"href":"https:\/\/affresco.it\/fr\/wp-json\/wp\/v2\/pages\/1805\/revisions\/"}],"predecessor-version":[{"id":1809,"href":"https:\/\/affresco.it\/fr\/wp-json\/wp\/v2\/pages\/1805\/revisions\/1809\/"}],"up":[{"embeddable":true,"href":"https:\/\/affresco.it\/fr\/wp-json\/wp\/v2\/pages\/1682\/"}],"wp:featuredmedia":[{"embeddable":true,"href":"https:\/\/affresco.it\/fr\/wp-json\/wp\/v2\/media\/2556\/"}],"wp:attachment":[{"href":"https:\/\/affresco.it\/fr\/wp-json\/wp\/v2\/media\/?parent=1805"}],"curies":[{"name":"wp","href":"https:\/\/api.w.org\/{rel}","templated":true}]}}