{"id":1828,"date":"2019-01-22T12:33:03","date_gmt":"2019-01-22T11:33:03","guid":{"rendered":"https:\/\/affresco.it\/affrescocorporate\/"},"modified":"2021-03-08T13:58:23","modified_gmt":"2021-03-08T12:58:23","slug":"affresco-entreprise","status":"publish","type":"page","link":"https:\/\/affresco.it\/fr\/affresco-entreprise\/","title":{"rendered":"AFFRESCO ENTREPRISE"},"content":{"rendered":"\r\n<p>Questa \u00e8 una pagina di esempio. Differisce da un articolo di un blog perch\u00e8 rimane sempre allos tesso posto e (in molti temi) appare nel menu di navigazione. Molte persone iniziano con una pagina di Informazioni che li presentano ai visitatori del sito. Potrebbe apparire una presentazione del tipo:<\/p>\r\n\r\n\r\n\r\n<blockquote class=\"wp-block-quote\">\r\n<p>Ciao! Sono un fattorino ciclista di giorno, aspirante attore di notte e questo \u00e8 il mio sito web. Vivo a Los Angeles, ho un grande cane di nome Jack e mi piace la pi\u00f1a colada. (E prendere la pioggia)<\/p>\r\n<\/blockquote>\r\n\r\n\r\n\r\n<p>&#8230;o qualcosa di simile:<\/p>\r\n\r\n\r\n\r\n<blockquote class=\"wp-block-quote\">\r\n<p>La XYZ Doohickey Company \u00e8 stata fondata nel 1971 e da allora fornisce al pubblico una buona qualit\u00e0 di doohickeys. Situato a Gotham City, XYZ impiega oltre 2.000 persone e realizza ogni tipo di cose fantastiche per la comunit\u00e0 di Gotham.<\/p>\r\n<\/blockquote>\r\n\r\n\r\n\r\n<p>Come nuovo utente di WordPress, dovresti andare nella tua <a href=\"https:\/\/affresco.it\/wp-admin\/\">Bacheca<\/a> per eliminare questa pagina, e crearne delle nuove per i tuoi contenuti. Divertiti!<\/p>\r\n","protected":false},"excerpt":{"rendered":"<p>Ses paysages suggestifs et ses sites charg\u00e9s d&rsquo;histoire font de l&rsquo;Italie un d\u00e9cor de r\u00eave.<br \/>\nLieux exclusifs, destinations insolites, attention sophistiqu\u00e9e du d\u00e9tail, le tout interpr\u00e9t\u00e9 dans un langage r\u00e9solument moderne et innovant, voil\u00e0 quelques-uns des ingr\u00e9dients qui nous diff\u00e9rencient et nous permettent de vous offrir des solutions originales et personnalis\u00e9es.<\/p>\n","protected":false},"author":1,"featured_media":2429,"parent":0,"menu_order":0,"comment_status":"closed","ping_status":"closed","template":"tpl-main-service.php","meta":[],"yoast_head":"<!-- This site is optimized with the Yoast SEO plugin v15.0 - https:\/\/yoast.com\/wordpress\/plugins\/seo\/ -->\n<meta name=\"description\" content=\"Lieux exclusifs, destinations insolites, attention sophistiqu\u00e9e du d\u00e9tail, le tout interpr\u00e9t\u00e9 dans un langage r\u00e9solument moderne et innovant, voil\u00e0 quelques-uns des ingr\u00e9dients qui nous diff\u00e9rencient et nous permettent de vous offrir des solutions originales et personnalis\u00e9es.\" \/>\n<meta name=\"robots\" content=\"index, follow, max-snippet:-1, max-image-preview:large, max-video-preview:-1\" \/>\n<link rel=\"canonical\" href=\"https:\/\/affresco.it\/fr\/affresco-entreprise\/\" \/>\n<meta property=\"og:locale\" content=\"fr_FR\" \/>\n<meta property=\"og:type\" content=\"article\" \/>\n<meta property=\"og:title\" content=\"AFFRESCO ENTREPRISE &ndash; Affresco\" \/>\n<meta property=\"og:description\" content=\"Lieux exclusifs, destinations insolites, attention sophistiqu\u00e9e du d\u00e9tail, le tout interpr\u00e9t\u00e9 dans un langage r\u00e9solument moderne et innovant, voil\u00e0 quelques-uns des ingr\u00e9dients qui nous diff\u00e9rencient et nous permettent de vous offrir des solutions originales et personnalis\u00e9es.\" \/>\n<meta property=\"og:url\" content=\"https:\/\/affresco.it\/fr\/affresco-entreprise\/\" \/>\n<meta property=\"og:site_name\" content=\"Affresco\" \/>\n<meta property=\"article:modified_time\" content=\"2021-03-08T12:58:23+00:00\" \/>\n<meta property=\"og:image\" content=\"https:\/\/affresco.it\/wp-content\/uploads\/2021\/03\/meeting-library.jpg\" \/>\n\t<meta property=\"og:image:width\" content=\"1024\" \/>\n\t<meta property=\"og:image:height\" content=\"682\" \/>\n<meta name=\"twitter:card\" content=\"summary_large_image\" \/>\n<script type=\"application\/ld+json\" class=\"yoast-schema-graph\">{\"@context\":\"https:\/\/schema.org\",\"@graph\":[{\"@type\":\"WebSite\",\"@id\":\"https:\/\/affresco.it\/fr\/#website\",\"url\":\"https:\/\/affresco.it\/fr\/\",\"name\":\"Affresco\",\"description\":\"Un nuovo sito targato WordPress\",\"potentialAction\":[{\"@type\":\"SearchAction\",\"target\":\"https:\/\/affresco.it\/fr\/?s={search_term_string}\",\"query-input\":\"required name=search_term_string\"}],\"inLanguage\":\"fr-FR\"},{\"@type\":\"ImageObject\",\"@id\":\"https:\/\/affresco.it\/fr\/affresco-entreprise\/#primaryimage\",\"inLanguage\":\"fr-FR\",\"url\":\"https:\/\/affresco.it\/wp-content\/uploads\/2021\/03\/meeting-library.jpg\",\"width\":1024,\"height\":682},{\"@type\":\"WebPage\",\"@id\":\"https:\/\/affresco.it\/fr\/affresco-entreprise\/#webpage\",\"url\":\"https:\/\/affresco.it\/fr\/affresco-entreprise\/\",\"name\":\"AFFRESCO ENTREPRISE &ndash; Affresco\",\"isPartOf\":{\"@id\":\"https:\/\/affresco.it\/fr\/#website\"},\"primaryImageOfPage\":{\"@id\":\"https:\/\/affresco.it\/fr\/affresco-entreprise\/#primaryimage\"},\"datePublished\":\"2019-01-22T11:33:03+00:00\",\"dateModified\":\"2021-03-08T12:58:23+00:00\",\"description\":\"Lieux exclusifs, destinations insolites, attention sophistiqu\\u00e9e du d\\u00e9tail, le tout interpr\\u00e9t\\u00e9 dans un langage r\\u00e9solument moderne et innovant, voil\\u00e0 quelques-uns des ingr\\u00e9dients qui nous diff\\u00e9rencient et nous permettent de vous offrir des solutions originales et personnalis\\u00e9es.\",\"breadcrumb\":{\"@id\":\"https:\/\/affresco.it\/fr\/affresco-entreprise\/#breadcrumb\"},\"inLanguage\":\"fr-FR\",\"potentialAction\":[{\"@type\":\"ReadAction\",\"target\":[\"https:\/\/affresco.it\/fr\/affresco-entreprise\/\"]}]},{\"@type\":\"BreadcrumbList\",\"@id\":\"https:\/\/affresco.it\/fr\/affresco-entreprise\/#breadcrumb\",\"itemListElement\":[{\"@type\":\"ListItem\",\"position\":1,\"item\":{\"@type\":\"WebPage\",\"@id\":\"https:\/\/affresco.it\/fr\/\",\"url\":\"https:\/\/affresco.it\/fr\/\",\"name\":\"Home\"}},{\"@type\":\"ListItem\",\"position\":2,\"item\":{\"@type\":\"WebPage\",\"@id\":\"https:\/\/affresco.it\/fr\/affresco-entreprise\/\",\"url\":\"https:\/\/affresco.it\/fr\/affresco-entreprise\/\",\"name\":\"AFFRESCO ENTREPRISE\"}}]}]}<\/script>\n<!-- \/ Yoast SEO plugin. -->","_links":{"self":[{"href":"https:\/\/affresco.it\/fr\/wp-json\/wp\/v2\/pages\/1828\/"}],"collection":[{"href":"https:\/\/affresco.it\/fr\/wp-json\/wp\/v2\/pages\/"}],"about":[{"href":"https:\/\/affresco.it\/fr\/wp-json\/wp\/v2\/types\/page\/"}],"author":[{"embeddable":true,"href":"https:\/\/affresco.it\/fr\/wp-json\/wp\/v2\/users\/1\/"}],"replies":[{"embeddable":true,"href":"https:\/\/affresco.it\/fr\/wp-json\/wp\/v2\/comments\/?post=1828"}],"version-history":[{"count":5,"href":"https:\/\/affresco.it\/fr\/wp-json\/wp\/v2\/pages\/1828\/revisions\/"}],"predecessor-version":[{"id":2301,"href":"https:\/\/affresco.it\/fr\/wp-json\/wp\/v2\/pages\/1828\/revisions\/2301\/"}],"wp:featuredmedia":[{"embeddable":true,"href":"https:\/\/affresco.it\/fr\/wp-json\/wp\/v2\/media\/2429\/"}],"wp:attachment":[{"href":"https:\/\/affresco.it\/fr\/wp-json\/wp\/v2\/media\/?parent=1828"}],"curies":[{"name":"wp","href":"https:\/\/api.w.org\/{rel}","templated":true}]}}