{"id":1845,"date":"2019-01-22T19:12:30","date_gmt":"2019-01-22T18:12:30","guid":{"rendered":"https:\/\/affresco.it\/affresco-entreprise\/events\/"},"modified":"2021-03-08T13:53:26","modified_gmt":"2021-03-08T12:53:26","slug":"evenements-de-marque-et-lancements-de-produit","status":"publish","type":"page","link":"https:\/\/affresco.it\/fr\/affresco-entreprise\/evenements-de-marque-et-lancements-de-produit\/","title":{"rendered":"\u00c9V\u00c9NEMENTS DE MARQUE ET LANCEMENTS DE PRODUIT"},"content":{"rendered":"<p>Choisir le cadre, trouver les moyens et les formes, int\u00e9grer de nouveaux langages, observer les \u00e9volutions du march\u00e9, planifier tout ce qui mettra en relief votre prochain lancement de produit est pour nous la recherche d&rsquo;un accord parfait entre style, comp\u00e9tence et communication. Notre mission consiste \u00e0 faire de l&rsquo;image de votre marque le protagoniste de l&rsquo;\u00e9v\u00e9nement dans le moindre d\u00e9tail, pour susciter l&rsquo;envie chez\u00a0 vos invit\u00e9s d&rsquo;en devenir ses meilleurs ambassadeurs.<\/p>\n","protected":false},"excerpt":{"rendered":"<p>Scegliere la cornice, trovare i mezzi e le forme, integrare nuovi linguaggi, osservare le evoluzioni del mercato, pianificare tutto ci\u00f2 che metter\u00e0 in risalto il vostro prossimo lancio di prodotto, \u00e8 per noi la ricerca di un accordo perfetto tra stile, competenza e comunicazione. <\/p>\n","protected":false},"author":1,"featured_media":1847,"parent":1828,"menu_order":0,"comment_status":"closed","ping_status":"closed","template":"tpl-service.php","meta":[],"yoast_head":"<!-- This site is optimized with the Yoast SEO plugin v15.0 - https:\/\/yoast.com\/wordpress\/plugins\/seo\/ -->\n<meta name=\"description\" content=\"Choisir le cadre, trouver les moyens et les formes, int\u00e9grer de nouveaux langages, observer les \u00e9volutions du march\u00e9, planifier tout ce qui mettra en relief votre prochain lancement de produit mission consiste \u00e0 faire de l&#039;image de votre marque le protagoniste de l&#039;\u00e9v\u00e9nemen\" \/>\n<meta name=\"robots\" content=\"index, follow, max-snippet:-1, max-image-preview:large, max-video-preview:-1\" \/>\n<link rel=\"canonical\" href=\"https:\/\/affresco.it\/fr\/affresco-entreprise\/evenements-de-marque-et-lancements-de-produit\/\" \/>\n<meta property=\"og:locale\" content=\"fr_FR\" \/>\n<meta property=\"og:type\" content=\"article\" \/>\n<meta property=\"og:title\" content=\"\u00c9V\u00c9NEMENTS DE MARQUE ET LANCEMENTS DE PRODUIT &ndash; Affresco\" \/>\n<meta property=\"og:description\" content=\"Choisir le cadre, trouver les moyens et les formes, int\u00e9grer de nouveaux langages, observer les \u00e9volutions du march\u00e9, planifier tout ce qui mettra en relief votre prochain lancement de produit mission consiste \u00e0 faire de l&#039;image de votre marque le protagoniste de l&#039;\u00e9v\u00e9nemen\" \/>\n<meta property=\"og:url\" content=\"https:\/\/affresco.it\/fr\/affresco-entreprise\/evenements-de-marque-et-lancements-de-produit\/\" \/>\n<meta property=\"og:site_name\" content=\"Affresco\" \/>\n<meta property=\"article:modified_time\" content=\"2021-03-08T12:53:26+00:00\" \/>\n<meta property=\"og:image\" content=\"https:\/\/affresco.it\/wp-content\/uploads\/2020\/10\/lancio-auto-toscana-2.jpg\" \/>\n\t<meta property=\"og:image:width\" content=\"1024\" \/>\n\t<meta property=\"og:image:height\" content=\"682\" \/>\n<meta name=\"twitter:card\" content=\"summary_large_image\" \/>\n<script type=\"application\/ld+json\" class=\"yoast-schema-graph\">{\"@context\":\"https:\/\/schema.org\",\"@graph\":[{\"@type\":\"WebSite\",\"@id\":\"https:\/\/affresco.it\/fr\/#website\",\"url\":\"https:\/\/affresco.it\/fr\/\",\"name\":\"Affresco\",\"description\":\"Un nuovo sito targato WordPress\",\"potentialAction\":[{\"@type\":\"SearchAction\",\"target\":\"https:\/\/affresco.it\/fr\/?s={search_term_string}\",\"query-input\":\"required name=search_term_string\"}],\"inLanguage\":\"fr-FR\"},{\"@type\":\"ImageObject\",\"@id\":\"https:\/\/affresco.it\/fr\/affresco-entreprise\/evenements-de-marque-et-lancements-de-produit\/#primaryimage\",\"inLanguage\":\"fr-FR\",\"url\":\"https:\/\/affresco.it\/wp-content\/uploads\/2020\/10\/lancio-auto-toscana-2.jpg\",\"width\":1024,\"height\":682},{\"@type\":\"WebPage\",\"@id\":\"https:\/\/affresco.it\/fr\/affresco-entreprise\/evenements-de-marque-et-lancements-de-produit\/#webpage\",\"url\":\"https:\/\/affresco.it\/fr\/affresco-entreprise\/evenements-de-marque-et-lancements-de-produit\/\",\"name\":\"\\u00c9V\\u00c9NEMENTS DE MARQUE ET LANCEMENTS DE PRODUIT &ndash; Affresco\",\"isPartOf\":{\"@id\":\"https:\/\/affresco.it\/fr\/#website\"},\"primaryImageOfPage\":{\"@id\":\"https:\/\/affresco.it\/fr\/affresco-entreprise\/evenements-de-marque-et-lancements-de-produit\/#primaryimage\"},\"datePublished\":\"2019-01-22T18:12:30+00:00\",\"dateModified\":\"2021-03-08T12:53:26+00:00\",\"description\":\"Choisir le cadre, trouver les moyens et les formes, int\\u00e9grer de nouveaux langages, observer les \\u00e9volutions du march\\u00e9, planifier tout ce qui mettra en relief votre prochain lancement de produit mission consiste \\u00e0 faire de l'image de votre marque le protagoniste de l'\\u00e9v\\u00e9nemen\",\"breadcrumb\":{\"@id\":\"https:\/\/affresco.it\/fr\/affresco-entreprise\/evenements-de-marque-et-lancements-de-produit\/#breadcrumb\"},\"inLanguage\":\"fr-FR\",\"potentialAction\":[{\"@type\":\"ReadAction\",\"target\":[\"https:\/\/affresco.it\/fr\/affresco-entreprise\/evenements-de-marque-et-lancements-de-produit\/\"]}]},{\"@type\":\"BreadcrumbList\",\"@id\":\"https:\/\/affresco.it\/fr\/affresco-entreprise\/evenements-de-marque-et-lancements-de-produit\/#breadcrumb\",\"itemListElement\":[{\"@type\":\"ListItem\",\"position\":1,\"item\":{\"@type\":\"WebPage\",\"@id\":\"https:\/\/affresco.it\/fr\/\",\"url\":\"https:\/\/affresco.it\/fr\/\",\"name\":\"Home\"}},{\"@type\":\"ListItem\",\"position\":2,\"item\":{\"@type\":\"WebPage\",\"@id\":\"https:\/\/affresco.it\/fr\/affresco-entreprise\/\",\"url\":\"https:\/\/affresco.it\/fr\/affresco-entreprise\/\",\"name\":\"AFFRESCO ENTREPRISE\"}},{\"@type\":\"ListItem\",\"position\":3,\"item\":{\"@type\":\"WebPage\",\"@id\":\"https:\/\/affresco.it\/fr\/affresco-entreprise\/evenements-de-marque-et-lancements-de-produit\/\",\"url\":\"https:\/\/affresco.it\/fr\/affresco-entreprise\/evenements-de-marque-et-lancements-de-produit\/\",\"name\":\"\\u00c9V\\u00c9NEMENTS DE MARQUE ET LANCEMENTS DE PRODUIT\"}}]}]}<\/script>\n<!-- \/ Yoast SEO plugin. -->","_links":{"self":[{"href":"https:\/\/affresco.it\/fr\/wp-json\/wp\/v2\/pages\/1845\/"}],"collection":[{"href":"https:\/\/affresco.it\/fr\/wp-json\/wp\/v2\/pages\/"}],"about":[{"href":"https:\/\/affresco.it\/fr\/wp-json\/wp\/v2\/types\/page\/"}],"author":[{"embeddable":true,"href":"https:\/\/affresco.it\/fr\/wp-json\/wp\/v2\/users\/1\/"}],"replies":[{"embeddable":true,"href":"https:\/\/affresco.it\/fr\/wp-json\/wp\/v2\/comments\/?post=1845"}],"version-history":[{"count":4,"href":"https:\/\/affresco.it\/fr\/wp-json\/wp\/v2\/pages\/1845\/revisions\/"}],"predecessor-version":[{"id":2427,"href":"https:\/\/affresco.it\/fr\/wp-json\/wp\/v2\/pages\/1845\/revisions\/2427\/"}],"up":[{"embeddable":true,"href":"https:\/\/affresco.it\/fr\/wp-json\/wp\/v2\/pages\/1828\/"}],"wp:featuredmedia":[{"embeddable":true,"href":"https:\/\/affresco.it\/fr\/wp-json\/wp\/v2\/media\/1847\/"}],"wp:attachment":[{"href":"https:\/\/affresco.it\/fr\/wp-json\/wp\/v2\/media\/?parent=1845"}],"curies":[{"name":"wp","href":"https:\/\/api.w.org\/{rel}","templated":true}]}}