{"id":1861,"date":"2019-01-22T19:21:46","date_gmt":"2019-01-22T18:21:46","guid":{"rendered":"https:\/\/affresco.it\/affresco-entreprise\/convention-and-meetings\/"},"modified":"2021-03-08T13:03:04","modified_gmt":"2021-03-08T12:03:04","slug":"convention-and-meetings","status":"publish","type":"page","link":"https:\/\/affresco.it\/fr\/affresco-entreprise\/convention-and-meetings\/","title":{"rendered":"CONVENTIONS ET S\u00c9MINAIRES"},"content":{"rendered":"<p>Une approche cr\u00e9ative solide associ\u00e9e \u00e0 une expertise concr\u00e8te dans la gestion logistique des \u00e9v\u00e9nements nous a permis de d\u00e9velopper des strat\u00e9gies de communication et des solutions sc\u00e9nographiques en ad\u00e9quation avec la vision entrepreneuriale. Outre le choix du lieu et les suggestions conceptuelles et technologiques innovantes, nous g\u00e9rons les r\u00e9servations h\u00f4teli\u00e8res et les transferts pour les participants,\u00a0 nous s\u00e9lectionnons et formons le personnel, nous coordonnons la r\u00e9gie technique et les services F&amp;B de l&rsquo;ensemble de l&rsquo;\u00e9v\u00e9nement.<\/p>\n","protected":false},"excerpt":{"rendered":"<p>Un intenso approccio creativo combinato ad una consolidata expertise maturata negli anni nella gestione logistica degli eventi, ci ha permesso di sviluppare strategie di comunicazione e soluzioni scenografiche in linea con la visione aziendale. <\/p>\n","protected":false},"author":1,"featured_media":2712,"parent":1828,"menu_order":0,"comment_status":"closed","ping_status":"closed","template":"tpl-service.php","meta":[],"yoast_head":"<!-- This site is optimized with the Yoast SEO plugin v15.0 - https:\/\/yoast.com\/wordpress\/plugins\/seo\/ -->\n<meta name=\"description\" content=\"Une approche cr\u00e9ative solide associ\u00e9e \u00e0 une expertise concr\u00e8te dans la gestion logistique des \u00e9v\u00e9nements nous a permis de d\u00e9velopper des strat\u00e9gies de communication et des solutions sc\u00e9nographiques en ad\u00e9quation avec la vision entrepreneuriale. Outre le choix du lieu et les suggestions conceptuelles et technologiques innovantes, nous g\u00e9rons les r\u00e9servations h\u00f4teli\u00e8res et les transferts\" \/>\n<meta name=\"robots\" content=\"index, follow, max-snippet:-1, max-image-preview:large, max-video-preview:-1\" \/>\n<link rel=\"canonical\" href=\"https:\/\/affresco.it\/fr\/affresco-entreprise\/convention-and-meetings\/\" \/>\n<meta property=\"og:locale\" content=\"fr_FR\" \/>\n<meta property=\"og:type\" content=\"article\" \/>\n<meta property=\"og:title\" content=\"CONVENTIONS ET S\u00c9MINAIRES &ndash; Affresco\" \/>\n<meta property=\"og:description\" content=\"Une approche cr\u00e9ative solide associ\u00e9e \u00e0 une expertise concr\u00e8te dans la gestion logistique des \u00e9v\u00e9nements nous a permis de d\u00e9velopper des strat\u00e9gies de communication et des solutions sc\u00e9nographiques en ad\u00e9quation avec la vision entrepreneuriale. Outre le choix du lieu et les suggestions conceptuelles et technologiques innovantes, nous g\u00e9rons les r\u00e9servations h\u00f4teli\u00e8res et les transferts\" \/>\n<meta property=\"og:url\" content=\"https:\/\/affresco.it\/fr\/affresco-entreprise\/convention-and-meetings\/\" \/>\n<meta property=\"og:site_name\" content=\"Affresco\" \/>\n<meta property=\"article:modified_time\" content=\"2021-03-08T12:03:04+00:00\" \/>\n<meta property=\"og:image\" content=\"https:\/\/affresco.it\/wp-content\/uploads\/2020\/09\/1024x512-1.png\" \/>\n\t<meta property=\"og:image:width\" content=\"1024\" \/>\n\t<meta property=\"og:image:height\" content=\"512\" \/>\n<meta name=\"twitter:card\" content=\"summary_large_image\" \/>\n<script type=\"application\/ld+json\" class=\"yoast-schema-graph\">{\"@context\":\"https:\/\/schema.org\",\"@graph\":[{\"@type\":\"WebSite\",\"@id\":\"https:\/\/affresco.it\/fr\/#website\",\"url\":\"https:\/\/affresco.it\/fr\/\",\"name\":\"Affresco\",\"description\":\"Un nuovo sito targato WordPress\",\"potentialAction\":[{\"@type\":\"SearchAction\",\"target\":\"https:\/\/affresco.it\/fr\/?s={search_term_string}\",\"query-input\":\"required name=search_term_string\"}],\"inLanguage\":\"fr-FR\"},{\"@type\":\"ImageObject\",\"@id\":\"https:\/\/affresco.it\/fr\/affresco-entreprise\/convention-and-meetings\/#primaryimage\",\"inLanguage\":\"fr-FR\",\"url\":\"https:\/\/affresco.it\/wp-content\/uploads\/2024\/12\/KRUG_GKAV_98_JJ_29647-light-1.jpg\",\"width\":1500,\"height\":1000},{\"@type\":\"WebPage\",\"@id\":\"https:\/\/affresco.it\/fr\/affresco-entreprise\/convention-and-meetings\/#webpage\",\"url\":\"https:\/\/affresco.it\/fr\/affresco-entreprise\/convention-and-meetings\/\",\"name\":\"CONVENTIONS ET S\\u00c9MINAIRES &ndash; Affresco\",\"isPartOf\":{\"@id\":\"https:\/\/affresco.it\/fr\/#website\"},\"primaryImageOfPage\":{\"@id\":\"https:\/\/affresco.it\/fr\/affresco-entreprise\/convention-and-meetings\/#primaryimage\"},\"datePublished\":\"2019-01-22T18:21:46+00:00\",\"dateModified\":\"2021-03-08T12:03:04+00:00\",\"description\":\"Une approche cr\\u00e9ative solide associ\\u00e9e \\u00e0 une expertise concr\\u00e8te dans la gestion logistique des \\u00e9v\\u00e9nements nous a permis de d\\u00e9velopper des strat\\u00e9gies de communication et des solutions sc\\u00e9nographiques en ad\\u00e9quation avec la vision entrepreneuriale. Outre le choix du lieu et les suggestions conceptuelles et technologiques innovantes, nous g\\u00e9rons les r\\u00e9servations h\\u00f4teli\\u00e8res et les transferts\",\"breadcrumb\":{\"@id\":\"https:\/\/affresco.it\/fr\/affresco-entreprise\/convention-and-meetings\/#breadcrumb\"},\"inLanguage\":\"fr-FR\",\"potentialAction\":[{\"@type\":\"ReadAction\",\"target\":[\"https:\/\/affresco.it\/fr\/affresco-entreprise\/convention-and-meetings\/\"]}]},{\"@type\":\"BreadcrumbList\",\"@id\":\"https:\/\/affresco.it\/fr\/affresco-entreprise\/convention-and-meetings\/#breadcrumb\",\"itemListElement\":[{\"@type\":\"ListItem\",\"position\":1,\"item\":{\"@type\":\"WebPage\",\"@id\":\"https:\/\/affresco.it\/fr\/\",\"url\":\"https:\/\/affresco.it\/fr\/\",\"name\":\"Home\"}},{\"@type\":\"ListItem\",\"position\":2,\"item\":{\"@type\":\"WebPage\",\"@id\":\"https:\/\/affresco.it\/fr\/affresco-entreprise\/\",\"url\":\"https:\/\/affresco.it\/fr\/affresco-entreprise\/\",\"name\":\"AFFRESCO ENTREPRISE\"}},{\"@type\":\"ListItem\",\"position\":3,\"item\":{\"@type\":\"WebPage\",\"@id\":\"https:\/\/affresco.it\/fr\/affresco-entreprise\/convention-and-meetings\/\",\"url\":\"https:\/\/affresco.it\/fr\/affresco-entreprise\/convention-and-meetings\/\",\"name\":\"CONVENTIONS ET S\\u00c9MINAIRES\"}}]}]}<\/script>\n<!-- \/ Yoast SEO plugin. -->","_links":{"self":[{"href":"https:\/\/affresco.it\/fr\/wp-json\/wp\/v2\/pages\/1861\/"}],"collection":[{"href":"https:\/\/affresco.it\/fr\/wp-json\/wp\/v2\/pages\/"}],"about":[{"href":"https:\/\/affresco.it\/fr\/wp-json\/wp\/v2\/types\/page\/"}],"author":[{"embeddable":true,"href":"https:\/\/affresco.it\/fr\/wp-json\/wp\/v2\/users\/1\/"}],"replies":[{"embeddable":true,"href":"https:\/\/affresco.it\/fr\/wp-json\/wp\/v2\/comments\/?post=1861"}],"version-history":[{"count":3,"href":"https:\/\/affresco.it\/fr\/wp-json\/wp\/v2\/pages\/1861\/revisions\/"}],"predecessor-version":[{"id":2417,"href":"https:\/\/affresco.it\/fr\/wp-json\/wp\/v2\/pages\/1861\/revisions\/2417\/"}],"up":[{"embeddable":true,"href":"https:\/\/affresco.it\/fr\/wp-json\/wp\/v2\/pages\/1828\/"}],"wp:featuredmedia":[{"embeddable":true,"href":"https:\/\/affresco.it\/fr\/wp-json\/wp\/v2\/media\/2712\/"}],"wp:attachment":[{"href":"https:\/\/affresco.it\/fr\/wp-json\/wp\/v2\/media\/?parent=1861"}],"curies":[{"name":"wp","href":"https:\/\/api.w.org\/{rel}","templated":true}]}}