{"id":1881,"date":"2020-06-10T15:02:21","date_gmt":"2020-06-10T13:02:21","guid":{"rendered":"https:\/\/affresco.it\/affresco-entreprise\/incentive-team-building\/"},"modified":"2021-02-23T17:01:27","modified_gmt":"2021-02-23T16:01:27","slug":"incentive-team-building","status":"publish","type":"page","link":"https:\/\/affresco.it\/fr\/affresco-entreprise\/incentive-team-building\/","title":{"rendered":"Incentive &#038; Team Building"},"content":{"rendered":"<p>Qu&rsquo;il s&rsquo;agisse d&rsquo;une journ\u00e9e sous le signe du pur divertissement, de la d\u00e9couverte de notre belle Italie ou bien d&rsquo;activit\u00e9s plus professionnelles, Affresco Events Group s\u00e9lectionne les initiatives les plus performantes en mati\u00e8re de recherche de nouvelles tendances de march\u00e9.\u00a0 Nos propositions Incentive offrent de nombreuses solutions de Team Building formatrices ou simplement ludiques, des exp\u00e9riences de groupe inoubliables, comme par exemple la visite et l&rsquo;ouverture exceptionnelle de mus\u00e9es et de collections priv\u00e9es, la d\u00e9gustation de produits locaux dans un cadre authentique et prestigieux, la conduite de moyens de transport insolites et amusants, l&rsquo;organisation de chasses au tr\u00e9sor enti\u00e8rement personnalis\u00e9es avec des dispositifs modernes, et bien d&rsquo;autres solutions pour renforcer les comp\u00e9tences et le potentiel de votre \u00e9quipe.<\/p>\n","protected":false},"excerpt":{"rendered":"<p>Qu&rsquo;il s&rsquo;agisse d&rsquo;une journ\u00e9e sous le signe du pur divertissement, de la d\u00e9couverte de notre belle Italie ou bien d&rsquo;activit\u00e9s [&hellip;]<\/p>\n","protected":false},"author":1,"featured_media":1883,"parent":1828,"menu_order":0,"comment_status":"closed","ping_status":"closed","template":"tpl-service.php","meta":[],"yoast_head":"<!-- This site is optimized with the Yoast SEO plugin v15.0 - https:\/\/yoast.com\/wordpress\/plugins\/seo\/ -->\n<meta name=\"description\" content=\"Qu&#039;il s&#039;agisse d&#039;une journ\u00e9e sous le signe du pur divertissement, de la d\u00e9couverte de notre belle Italie ou bien d&#039;activit\u00e9s plus professionnelles, Affresco Events Group s\u00e9lectionne les initiatives les plus performantes en mati\u00e8re de recherche de nouvelles tendances de march\u00e9.\u00a0 Nos propositions Incentive offrent de nombreuses solutions de Team Building\" \/>\n<meta name=\"robots\" content=\"index, follow, max-snippet:-1, max-image-preview:large, max-video-preview:-1\" \/>\n<link rel=\"canonical\" href=\"https:\/\/affresco.it\/fr\/affresco-entreprise\/incentive-team-building\/\" \/>\n<meta property=\"og:locale\" content=\"fr_FR\" \/>\n<meta property=\"og:type\" content=\"article\" \/>\n<meta property=\"og:title\" content=\"Incentive &amp; Team Building &ndash; Affresco\" \/>\n<meta property=\"og:description\" content=\"Qu&#039;il s&#039;agisse d&#039;une journ\u00e9e sous le signe du pur divertissement, de la d\u00e9couverte de notre belle Italie ou bien d&#039;activit\u00e9s plus professionnelles, Affresco Events Group s\u00e9lectionne les initiatives les plus performantes en mati\u00e8re de recherche de nouvelles tendances de march\u00e9.\u00a0 Nos propositions Incentive offrent de nombreuses solutions de Team Building\" \/>\n<meta property=\"og:url\" content=\"https:\/\/affresco.it\/fr\/affresco-entreprise\/incentive-team-building\/\" \/>\n<meta property=\"og:site_name\" content=\"Affresco\" \/>\n<meta property=\"article:modified_time\" content=\"2021-02-23T16:01:27+00:00\" \/>\n<meta property=\"og:image\" content=\"https:\/\/affresco.it\/wp-content\/uploads\/2020\/09\/team-building-scaled.jpg\" \/>\n\t<meta property=\"og:image:width\" content=\"2560\" \/>\n\t<meta property=\"og:image:height\" content=\"1707\" \/>\n<meta name=\"twitter:card\" content=\"summary_large_image\" \/>\n<script type=\"application\/ld+json\" class=\"yoast-schema-graph\">{\"@context\":\"https:\/\/schema.org\",\"@graph\":[{\"@type\":\"WebSite\",\"@id\":\"https:\/\/affresco.it\/fr\/#website\",\"url\":\"https:\/\/affresco.it\/fr\/\",\"name\":\"Affresco\",\"description\":\"Un nuovo sito targato WordPress\",\"potentialAction\":[{\"@type\":\"SearchAction\",\"target\":\"https:\/\/affresco.it\/fr\/?s={search_term_string}\",\"query-input\":\"required name=search_term_string\"}],\"inLanguage\":\"fr-FR\"},{\"@type\":\"ImageObject\",\"@id\":\"https:\/\/affresco.it\/fr\/affresco-entreprise\/incentive-team-building\/#primaryimage\",\"inLanguage\":\"fr-FR\",\"url\":\"https:\/\/affresco.it\/wp-content\/uploads\/2020\/09\/team-building-scaled.jpg\",\"width\":2560,\"height\":1707},{\"@type\":\"WebPage\",\"@id\":\"https:\/\/affresco.it\/fr\/affresco-entreprise\/incentive-team-building\/#webpage\",\"url\":\"https:\/\/affresco.it\/fr\/affresco-entreprise\/incentive-team-building\/\",\"name\":\"Incentive & Team Building &ndash; Affresco\",\"isPartOf\":{\"@id\":\"https:\/\/affresco.it\/fr\/#website\"},\"primaryImageOfPage\":{\"@id\":\"https:\/\/affresco.it\/fr\/affresco-entreprise\/incentive-team-building\/#primaryimage\"},\"datePublished\":\"2020-06-10T13:02:21+00:00\",\"dateModified\":\"2021-02-23T16:01:27+00:00\",\"description\":\"Qu'il s'agisse d'une journ\\u00e9e sous le signe du pur divertissement, de la d\\u00e9couverte de notre belle Italie ou bien d'activit\\u00e9s plus professionnelles, Affresco Events Group s\\u00e9lectionne les initiatives les plus performantes en mati\\u00e8re de recherche de nouvelles tendances de march\\u00e9.\\u00a0 Nos propositions Incentive offrent de nombreuses solutions de Team Building\",\"breadcrumb\":{\"@id\":\"https:\/\/affresco.it\/fr\/affresco-entreprise\/incentive-team-building\/#breadcrumb\"},\"inLanguage\":\"fr-FR\",\"potentialAction\":[{\"@type\":\"ReadAction\",\"target\":[\"https:\/\/affresco.it\/fr\/affresco-entreprise\/incentive-team-building\/\"]}]},{\"@type\":\"BreadcrumbList\",\"@id\":\"https:\/\/affresco.it\/fr\/affresco-entreprise\/incentive-team-building\/#breadcrumb\",\"itemListElement\":[{\"@type\":\"ListItem\",\"position\":1,\"item\":{\"@type\":\"WebPage\",\"@id\":\"https:\/\/affresco.it\/fr\/\",\"url\":\"https:\/\/affresco.it\/fr\/\",\"name\":\"Home\"}},{\"@type\":\"ListItem\",\"position\":2,\"item\":{\"@type\":\"WebPage\",\"@id\":\"https:\/\/affresco.it\/fr\/affresco-entreprise\/\",\"url\":\"https:\/\/affresco.it\/fr\/affresco-entreprise\/\",\"name\":\"AFFRESCO ENTREPRISE\"}},{\"@type\":\"ListItem\",\"position\":3,\"item\":{\"@type\":\"WebPage\",\"@id\":\"https:\/\/affresco.it\/fr\/affresco-entreprise\/incentive-team-building\/\",\"url\":\"https:\/\/affresco.it\/fr\/affresco-entreprise\/incentive-team-building\/\",\"name\":\"Incentive &#038; Team Building\"}}]}]}<\/script>\n<!-- \/ Yoast SEO plugin. -->","_links":{"self":[{"href":"https:\/\/affresco.it\/fr\/wp-json\/wp\/v2\/pages\/1881\/"}],"collection":[{"href":"https:\/\/affresco.it\/fr\/wp-json\/wp\/v2\/pages\/"}],"about":[{"href":"https:\/\/affresco.it\/fr\/wp-json\/wp\/v2\/types\/page\/"}],"author":[{"embeddable":true,"href":"https:\/\/affresco.it\/fr\/wp-json\/wp\/v2\/users\/1\/"}],"replies":[{"embeddable":true,"href":"https:\/\/affresco.it\/fr\/wp-json\/wp\/v2\/comments\/?post=1881"}],"version-history":[{"count":2,"href":"https:\/\/affresco.it\/fr\/wp-json\/wp\/v2\/pages\/1881\/revisions\/"}],"predecessor-version":[{"id":1885,"href":"https:\/\/affresco.it\/fr\/wp-json\/wp\/v2\/pages\/1881\/revisions\/1885\/"}],"up":[{"embeddable":true,"href":"https:\/\/affresco.it\/fr\/wp-json\/wp\/v2\/pages\/1828\/"}],"wp:featuredmedia":[{"embeddable":true,"href":"https:\/\/affresco.it\/fr\/wp-json\/wp\/v2\/media\/1883\/"}],"wp:attachment":[{"href":"https:\/\/affresco.it\/fr\/wp-json\/wp\/v2\/media\/?parent=1881"}],"curies":[{"name":"wp","href":"https:\/\/api.w.org\/{rel}","templated":true}]}}