{"id":1903,"date":"2020-06-19T17:35:29","date_gmt":"2020-06-19T15:35:29","guid":{"rendered":"https:\/\/affresco.it\/affresco-luxury-travel\/"},"modified":"2021-02-25T15:39:21","modified_gmt":"2021-02-25T14:39:21","slug":"affresco-luxe-voyage","status":"publish","type":"page","link":"https:\/\/affresco.it\/fr\/affresco-luxe-voyage\/","title":{"rendered":"VOYAGES DE LUXE AFFRESCO"},"content":{"rendered":"","protected":false},"excerpt":{"rendered":"<p>Gr\u00e2ce \u00e0 notre ample connaissance du territoire italien et \u00e0 la parfaite synergie avec nos partenaires, nos itin\u00e9raires mettent en relief les valeurs et les caract\u00e9ristiques des lieux visit\u00e9s. <\/p>\n","protected":false},"author":2,"featured_media":1830,"parent":0,"menu_order":0,"comment_status":"closed","ping_status":"closed","template":"tpl-main-service.php","meta":[],"yoast_head":"<!-- This site is optimized with the Yoast SEO plugin v15.0 - https:\/\/yoast.com\/wordpress\/plugins\/seo\/ -->\n<meta name=\"description\" content=\"Toutes nos propositions sont \u00e9labor\u00e9es sur mesure, selon les exigences de nos clients et de l&#039;occasion qui les conduit \u00e0 visiter l&#039;Italie. Nous confions la conception du voyage \u00e0 nos experts qui cr\u00e9ent des itin\u00e9raires structur\u00e9s et attrayants \u00e0 la fois, et assistent les clients \u00e0 tout moment, en anticipant chaque d\u00e9placement et service pr\u00e9vu au programme et en garantissant une grande attention au moindre d\u00e9tail. Notre formule \u201cConception de voyages\u201d\" \/>\n<meta name=\"robots\" content=\"index, follow, max-snippet:-1, max-image-preview:large, max-video-preview:-1\" \/>\n<link rel=\"canonical\" href=\"https:\/\/affresco.it\/fr\/affresco-luxe-voyage\/\" \/>\n<meta property=\"og:locale\" content=\"fr_FR\" \/>\n<meta property=\"og:type\" content=\"article\" \/>\n<meta property=\"og:title\" content=\"VOYAGES DE LUXE AFFRESCO &ndash; Affresco\" \/>\n<meta property=\"og:description\" content=\"Toutes nos propositions sont \u00e9labor\u00e9es sur mesure, selon les exigences de nos clients et de l&#039;occasion qui les conduit \u00e0 visiter l&#039;Italie. Nous confions la conception du voyage \u00e0 nos experts qui cr\u00e9ent des itin\u00e9raires structur\u00e9s et attrayants \u00e0 la fois, et assistent les clients \u00e0 tout moment, en anticipant chaque d\u00e9placement et service pr\u00e9vu au programme et en garantissant une grande attention au moindre d\u00e9tail. Notre formule \u201cConception de voyages\u201d\" \/>\n<meta property=\"og:url\" content=\"https:\/\/affresco.it\/fr\/affresco-luxe-voyage\/\" \/>\n<meta property=\"og:site_name\" content=\"Affresco\" \/>\n<meta property=\"article:modified_time\" content=\"2021-02-25T14:39:21+00:00\" \/>\n<meta property=\"og:image\" content=\"https:\/\/affresco.it\/wp-content\/uploads\/2019\/01\/corporate.jpg\" \/>\n\t<meta property=\"og:image:width\" content=\"2048\" \/>\n\t<meta property=\"og:image:height\" content=\"1172\" \/>\n<meta name=\"twitter:card\" content=\"summary_large_image\" \/>\n<script type=\"application\/ld+json\" class=\"yoast-schema-graph\">{\"@context\":\"https:\/\/schema.org\",\"@graph\":[{\"@type\":\"WebSite\",\"@id\":\"https:\/\/affresco.it\/fr\/#website\",\"url\":\"https:\/\/affresco.it\/fr\/\",\"name\":\"Affresco\",\"description\":\"Un nuovo sito targato WordPress\",\"potentialAction\":[{\"@type\":\"SearchAction\",\"target\":\"https:\/\/affresco.it\/fr\/?s={search_term_string}\",\"query-input\":\"required name=search_term_string\"}],\"inLanguage\":\"fr-FR\"},{\"@type\":\"ImageObject\",\"@id\":\"https:\/\/affresco.it\/fr\/affresco-luxe-voyage\/#primaryimage\",\"inLanguage\":\"fr-FR\",\"url\":\"https:\/\/affresco.it\/wp-content\/uploads\/2020\/09\/foto-home-page-corporate-2.jpg\",\"width\":1600,\"height\":900},{\"@type\":\"WebPage\",\"@id\":\"https:\/\/affresco.it\/fr\/affresco-luxe-voyage\/#webpage\",\"url\":\"https:\/\/affresco.it\/fr\/affresco-luxe-voyage\/\",\"name\":\"VOYAGES DE LUXE AFFRESCO &ndash; Affresco\",\"isPartOf\":{\"@id\":\"https:\/\/affresco.it\/fr\/#website\"},\"primaryImageOfPage\":{\"@id\":\"https:\/\/affresco.it\/fr\/affresco-luxe-voyage\/#primaryimage\"},\"datePublished\":\"2020-06-19T15:35:29+00:00\",\"dateModified\":\"2021-02-25T14:39:21+00:00\",\"description\":\"Toutes nos propositions sont \\u00e9labor\\u00e9es sur mesure, selon les exigences de nos clients et de l'occasion qui les conduit \\u00e0 visiter l'Italie. Nous confions la conception du voyage \\u00e0 nos experts qui cr\\u00e9ent des itin\\u00e9raires structur\\u00e9s et attrayants \\u00e0 la fois, et assistent les clients \\u00e0 tout moment, en anticipant chaque d\\u00e9placement et service pr\\u00e9vu au programme et en garantissant une grande attention au moindre d\\u00e9tail. Notre formule \\u201cConception de voyages\\u201d\",\"breadcrumb\":{\"@id\":\"https:\/\/affresco.it\/fr\/affresco-luxe-voyage\/#breadcrumb\"},\"inLanguage\":\"fr-FR\",\"potentialAction\":[{\"@type\":\"ReadAction\",\"target\":[\"https:\/\/affresco.it\/fr\/affresco-luxe-voyage\/\"]}]},{\"@type\":\"BreadcrumbList\",\"@id\":\"https:\/\/affresco.it\/fr\/affresco-luxe-voyage\/#breadcrumb\",\"itemListElement\":[{\"@type\":\"ListItem\",\"position\":1,\"item\":{\"@type\":\"WebPage\",\"@id\":\"https:\/\/affresco.it\/fr\/\",\"url\":\"https:\/\/affresco.it\/fr\/\",\"name\":\"Home\"}},{\"@type\":\"ListItem\",\"position\":2,\"item\":{\"@type\":\"WebPage\",\"@id\":\"https:\/\/affresco.it\/fr\/affresco-luxe-voyage\/\",\"url\":\"https:\/\/affresco.it\/fr\/affresco-luxe-voyage\/\",\"name\":\"VOYAGES DE LUXE AFFRESCO\"}}]}]}<\/script>\n<!-- \/ Yoast SEO plugin. -->","_links":{"self":[{"href":"https:\/\/affresco.it\/fr\/wp-json\/wp\/v2\/pages\/1903\/"}],"collection":[{"href":"https:\/\/affresco.it\/fr\/wp-json\/wp\/v2\/pages\/"}],"about":[{"href":"https:\/\/affresco.it\/fr\/wp-json\/wp\/v2\/types\/page\/"}],"author":[{"embeddable":true,"href":"https:\/\/affresco.it\/fr\/wp-json\/wp\/v2\/users\/2\/"}],"replies":[{"embeddable":true,"href":"https:\/\/affresco.it\/fr\/wp-json\/wp\/v2\/comments\/?post=1903"}],"version-history":[{"count":3,"href":"https:\/\/affresco.it\/fr\/wp-json\/wp\/v2\/pages\/1903\/revisions\/"}],"predecessor-version":[{"id":2232,"href":"https:\/\/affresco.it\/fr\/wp-json\/wp\/v2\/pages\/1903\/revisions\/2232\/"}],"wp:featuredmedia":[{"embeddable":true,"href":"https:\/\/affresco.it\/fr\/wp-json\/wp\/v2\/media\/1830\/"}],"wp:attachment":[{"href":"https:\/\/affresco.it\/fr\/wp-json\/wp\/v2\/media\/?parent=1903"}],"curies":[{"name":"wp","href":"https:\/\/api.w.org\/{rel}","templated":true}]}}