{"id":1919,"date":"2020-06-19T17:42:47","date_gmt":"2020-06-19T15:42:47","guid":{"rendered":"https:\/\/affresco.it\/affresco-luxe-voyage\/chic-and-shop\/"},"modified":"2021-02-23T17:05:55","modified_gmt":"2021-02-23T16:05:55","slug":"chic-and-shop","status":"publish","type":"page","link":"https:\/\/affresco.it\/fr\/affresco-luxe-voyage\/chic-and-shop\/","title":{"rendered":"Chic and Shop"},"content":{"rendered":"<p class=\"Standard\" style=\"text-align: justify; text-justify: inter-ideograph;\"><span lang=\"FR\">Pour les passionn\u00e9s de shopping, nous ouvrons notre carnet d&rsquo;adresses exclusives qui vous permettra de d\u00e9couvrir des boutiques insolites, des ateliers d&rsquo;artisans renomm\u00e9s et des adresses de niche que seuls les v\u00e9ritables connaisseurs et amateurs du Made in Italy connaissent. Laissez-vous inspirer par nos propositions personnalis\u00e9es et profitez des conseils en image de nos Personal Shopper qui vous feront vivre une exp\u00e9rience unique.<\/span><\/p>\n","protected":false},"excerpt":{"rendered":"<p>Pour les passionn\u00e9s de shopping, nous ouvrons notre carnet d&rsquo;adresses exclusives qui vous permettra de d\u00e9couvrir des boutiques insolites, des [&hellip;]<\/p>\n","protected":false},"author":2,"featured_media":1921,"parent":1903,"menu_order":0,"comment_status":"closed","ping_status":"closed","template":"tpl-service.php","meta":[],"yoast_head":"<!-- This site is optimized with the Yoast SEO plugin v15.0 - https:\/\/yoast.com\/wordpress\/plugins\/seo\/ -->\n<meta name=\"description\" content=\"les passionn\u00e9s de shopping, nous ouvrons notre carnet d&#039;adresses exclusives qui vous permettra de d\u00e9couvrir des boutiques insolites, des ateliers d&#039;artisans renomm\u00e9s et des adresses de niche que seuls les v\u00e9ritables connaisseurs et amateurs du Made in Italy\" \/>\n<meta name=\"robots\" content=\"index, follow, max-snippet:-1, max-image-preview:large, max-video-preview:-1\" \/>\n<link rel=\"canonical\" href=\"https:\/\/affresco.it\/fr\/affresco-luxe-voyage\/chic-and-shop\/\" \/>\n<meta property=\"og:locale\" content=\"fr_FR\" \/>\n<meta property=\"og:type\" content=\"article\" \/>\n<meta property=\"og:title\" content=\"Chic and Shop &ndash; Affresco\" \/>\n<meta property=\"og:description\" content=\"les passionn\u00e9s de shopping, nous ouvrons notre carnet d&#039;adresses exclusives qui vous permettra de d\u00e9couvrir des boutiques insolites, des ateliers d&#039;artisans renomm\u00e9s et des adresses de niche que seuls les v\u00e9ritables connaisseurs et amateurs du Made in Italy\" \/>\n<meta property=\"og:url\" content=\"https:\/\/affresco.it\/fr\/affresco-luxe-voyage\/chic-and-shop\/\" \/>\n<meta property=\"og:site_name\" content=\"Affresco\" \/>\n<meta property=\"article:modified_time\" content=\"2021-02-23T16:05:55+00:00\" \/>\n<meta property=\"og:image\" content=\"https:\/\/affresco.it\/wp-content\/uploads\/2020\/06\/artigianato.jpeg\" \/>\n\t<meta property=\"og:image:width\" content=\"1880\" \/>\n\t<meta property=\"og:image:height\" content=\"1072\" \/>\n<meta name=\"twitter:card\" content=\"summary_large_image\" \/>\n<script type=\"application\/ld+json\" class=\"yoast-schema-graph\">{\"@context\":\"https:\/\/schema.org\",\"@graph\":[{\"@type\":\"WebSite\",\"@id\":\"https:\/\/affresco.it\/fr\/#website\",\"url\":\"https:\/\/affresco.it\/fr\/\",\"name\":\"Affresco\",\"description\":\"Un nuovo sito targato WordPress\",\"potentialAction\":[{\"@type\":\"SearchAction\",\"target\":\"https:\/\/affresco.it\/fr\/?s={search_term_string}\",\"query-input\":\"required name=search_term_string\"}],\"inLanguage\":\"fr-FR\"},{\"@type\":\"ImageObject\",\"@id\":\"https:\/\/affresco.it\/fr\/affresco-luxe-voyage\/chic-and-shop\/#primaryimage\",\"inLanguage\":\"fr-FR\",\"url\":\"https:\/\/affresco.it\/wp-content\/uploads\/2020\/06\/artigianato.jpeg\",\"width\":1880,\"height\":1072},{\"@type\":\"WebPage\",\"@id\":\"https:\/\/affresco.it\/fr\/affresco-luxe-voyage\/chic-and-shop\/#webpage\",\"url\":\"https:\/\/affresco.it\/fr\/affresco-luxe-voyage\/chic-and-shop\/\",\"name\":\"Chic and Shop &ndash; Affresco\",\"isPartOf\":{\"@id\":\"https:\/\/affresco.it\/fr\/#website\"},\"primaryImageOfPage\":{\"@id\":\"https:\/\/affresco.it\/fr\/affresco-luxe-voyage\/chic-and-shop\/#primaryimage\"},\"datePublished\":\"2020-06-19T15:42:47+00:00\",\"dateModified\":\"2021-02-23T16:05:55+00:00\",\"description\":\"les passionn\\u00e9s de shopping, nous ouvrons notre carnet d'adresses exclusives qui vous permettra de d\\u00e9couvrir des boutiques insolites, des ateliers d'artisans renomm\\u00e9s et des adresses de niche que seuls les v\\u00e9ritables connaisseurs et amateurs du Made in Italy\",\"breadcrumb\":{\"@id\":\"https:\/\/affresco.it\/fr\/affresco-luxe-voyage\/chic-and-shop\/#breadcrumb\"},\"inLanguage\":\"fr-FR\",\"potentialAction\":[{\"@type\":\"ReadAction\",\"target\":[\"https:\/\/affresco.it\/fr\/affresco-luxe-voyage\/chic-and-shop\/\"]}]},{\"@type\":\"BreadcrumbList\",\"@id\":\"https:\/\/affresco.it\/fr\/affresco-luxe-voyage\/chic-and-shop\/#breadcrumb\",\"itemListElement\":[{\"@type\":\"ListItem\",\"position\":1,\"item\":{\"@type\":\"WebPage\",\"@id\":\"https:\/\/affresco.it\/fr\/\",\"url\":\"https:\/\/affresco.it\/fr\/\",\"name\":\"Home\"}},{\"@type\":\"ListItem\",\"position\":2,\"item\":{\"@type\":\"WebPage\",\"@id\":\"https:\/\/affresco.it\/fr\/affresco-luxe-voyage\/\",\"url\":\"https:\/\/affresco.it\/fr\/affresco-luxe-voyage\/\",\"name\":\"VOYAGES DE LUXE AFFRESCO\"}},{\"@type\":\"ListItem\",\"position\":3,\"item\":{\"@type\":\"WebPage\",\"@id\":\"https:\/\/affresco.it\/fr\/affresco-luxe-voyage\/chic-and-shop\/\",\"url\":\"https:\/\/affresco.it\/fr\/affresco-luxe-voyage\/chic-and-shop\/\",\"name\":\"Chic and Shop\"}}]}]}<\/script>\n<!-- \/ Yoast SEO plugin. -->","_links":{"self":[{"href":"https:\/\/affresco.it\/fr\/wp-json\/wp\/v2\/pages\/1919\/"}],"collection":[{"href":"https:\/\/affresco.it\/fr\/wp-json\/wp\/v2\/pages\/"}],"about":[{"href":"https:\/\/affresco.it\/fr\/wp-json\/wp\/v2\/types\/page\/"}],"author":[{"embeddable":true,"href":"https:\/\/affresco.it\/fr\/wp-json\/wp\/v2\/users\/2\/"}],"replies":[{"embeddable":true,"href":"https:\/\/affresco.it\/fr\/wp-json\/wp\/v2\/comments\/?post=1919"}],"version-history":[{"count":2,"href":"https:\/\/affresco.it\/fr\/wp-json\/wp\/v2\/pages\/1919\/revisions\/"}],"predecessor-version":[{"id":1923,"href":"https:\/\/affresco.it\/fr\/wp-json\/wp\/v2\/pages\/1919\/revisions\/1923\/"}],"up":[{"embeddable":true,"href":"https:\/\/affresco.it\/fr\/wp-json\/wp\/v2\/pages\/1903\/"}],"wp:featuredmedia":[{"embeddable":true,"href":"https:\/\/affresco.it\/fr\/wp-json\/wp\/v2\/media\/1921\/"}],"wp:attachment":[{"href":"https:\/\/affresco.it\/fr\/wp-json\/wp\/v2\/media\/?parent=1919"}],"curies":[{"name":"wp","href":"https:\/\/api.w.org\/{rel}","templated":true}]}}