{"id":1936,"date":"2020-06-19T17:45:48","date_gmt":"2020-06-19T15:45:48","guid":{"rendered":"https:\/\/affresco.it\/affresco-luxe-voyage\/kids-and-teens\/"},"modified":"2021-02-23T17:08:40","modified_gmt":"2021-02-23T16:08:40","slug":"enfants-et-ados","status":"publish","type":"page","link":"https:\/\/affresco.it\/fr\/affresco-luxe-voyage\/enfants-et-ados\/","title":{"rendered":"ENFANTS ET ADOS"},"content":{"rendered":"<p class=\"Standard\" style=\"text-align: justify; text-justify: inter-ideograph;\"><span lang=\"FR\">Nous choyons nos plus jeunes voyageurs avec grand enthousiasme gr\u00e2ce \u00e0 l&rsquo;organisation d&rsquo;activit\u00e9s ludiques et formatives pour toute la famille. Les \u00e9motions positives accroissent la curiosit\u00e9 et l&rsquo;int\u00e9r\u00eat pour l&rsquo;apprentissage d&rsquo;une nouvelle culture. Notre \u00e9quipe hautement qualifi\u00e9e vous accompagnera vous et vos enfants dans une merveilleuse aventure.<\/span><\/p>\n","protected":false},"excerpt":{"rendered":"<p>Nous choyons nos plus jeunes voyageurs avec grand enthousiasme gr\u00e2ce \u00e0 l&rsquo;organisation d&rsquo;activit\u00e9s ludiques et formatives pour toute la famille. [&hellip;]<\/p>\n","protected":false},"author":2,"featured_media":1938,"parent":1903,"menu_order":0,"comment_status":"closed","ping_status":"closed","template":"tpl-service.php","meta":[],"yoast_head":"<!-- This site is optimized with the Yoast SEO plugin v15.0 - https:\/\/yoast.com\/wordpress\/plugins\/seo\/ -->\n<meta name=\"description\" content=\"Nous choyons nos plus jeunes voyageurs avec grand enthousiasme gr\u00e2ce \u00e0 l&#039;organisation d&#039;activit\u00e9s ludiques et formatives pour toute la famille. Les \u00e9motions positives accroissent la curiosit\u00e9 et l&#039;int\u00e9r\u00eat pour l&#039;apprentissage d&#039;une nouvelle culture. Notre \u00e9quipe hautement qualifi\u00e9e vous accompagnera vous et vos enfants dans une merveilleuse aventure.\" \/>\n<meta name=\"robots\" content=\"index, follow, max-snippet:-1, max-image-preview:large, max-video-preview:-1\" \/>\n<link rel=\"canonical\" href=\"https:\/\/affresco.it\/fr\/affresco-luxe-voyage\/enfants-et-ados\/\" \/>\n<meta property=\"og:locale\" content=\"fr_FR\" \/>\n<meta property=\"og:type\" content=\"article\" \/>\n<meta property=\"og:title\" content=\"ENFANTS ET ADOS &ndash; Affresco\" \/>\n<meta property=\"og:description\" content=\"Nous choyons nos plus jeunes voyageurs avec grand enthousiasme gr\u00e2ce \u00e0 l&#039;organisation d&#039;activit\u00e9s ludiques et formatives pour toute la famille. Les \u00e9motions positives accroissent la curiosit\u00e9 et l&#039;int\u00e9r\u00eat pour l&#039;apprentissage d&#039;une nouvelle culture. Notre \u00e9quipe hautement qualifi\u00e9e vous accompagnera vous et vos enfants dans une merveilleuse aventure.\" \/>\n<meta property=\"og:url\" content=\"https:\/\/affresco.it\/fr\/affresco-luxe-voyage\/enfants-et-ados\/\" \/>\n<meta property=\"og:site_name\" content=\"Affresco\" \/>\n<meta property=\"article:modified_time\" content=\"2021-02-23T16:08:40+00:00\" \/>\n<meta property=\"og:image\" content=\"https:\/\/affresco.it\/wp-content\/uploads\/2020\/09\/kids-colored-pool-table-pic-nic.jpg\" \/>\n\t<meta property=\"og:image:width\" content=\"1064\" \/>\n\t<meta property=\"og:image:height\" content=\"707\" \/>\n<meta name=\"twitter:card\" content=\"summary_large_image\" \/>\n<script type=\"application\/ld+json\" class=\"yoast-schema-graph\">{\"@context\":\"https:\/\/schema.org\",\"@graph\":[{\"@type\":\"WebSite\",\"@id\":\"https:\/\/affresco.it\/fr\/#website\",\"url\":\"https:\/\/affresco.it\/fr\/\",\"name\":\"Affresco\",\"description\":\"Un nuovo sito targato WordPress\",\"potentialAction\":[{\"@type\":\"SearchAction\",\"target\":\"https:\/\/affresco.it\/fr\/?s={search_term_string}\",\"query-input\":\"required name=search_term_string\"}],\"inLanguage\":\"fr-FR\"},{\"@type\":\"ImageObject\",\"@id\":\"https:\/\/affresco.it\/fr\/affresco-luxe-voyage\/enfants-et-ados\/#primaryimage\",\"inLanguage\":\"fr-FR\",\"url\":\"https:\/\/affresco.it\/wp-content\/uploads\/2020\/09\/kids-colored-pool-table-pic-nic.jpg\",\"width\":1064,\"height\":707},{\"@type\":\"WebPage\",\"@id\":\"https:\/\/affresco.it\/fr\/affresco-luxe-voyage\/enfants-et-ados\/#webpage\",\"url\":\"https:\/\/affresco.it\/fr\/affresco-luxe-voyage\/enfants-et-ados\/\",\"name\":\"ENFANTS ET ADOS &ndash; Affresco\",\"isPartOf\":{\"@id\":\"https:\/\/affresco.it\/fr\/#website\"},\"primaryImageOfPage\":{\"@id\":\"https:\/\/affresco.it\/fr\/affresco-luxe-voyage\/enfants-et-ados\/#primaryimage\"},\"datePublished\":\"2020-06-19T15:45:48+00:00\",\"dateModified\":\"2021-02-23T16:08:40+00:00\",\"description\":\"Nous choyons nos plus jeunes voyageurs avec grand enthousiasme gr\\u00e2ce \\u00e0 l'organisation d'activit\\u00e9s ludiques et formatives pour toute la famille. Les \\u00e9motions positives accroissent la curiosit\\u00e9 et l'int\\u00e9r\\u00eat pour l'apprentissage d'une nouvelle culture. Notre \\u00e9quipe hautement qualifi\\u00e9e vous accompagnera vous et vos enfants dans une merveilleuse aventure.\",\"breadcrumb\":{\"@id\":\"https:\/\/affresco.it\/fr\/affresco-luxe-voyage\/enfants-et-ados\/#breadcrumb\"},\"inLanguage\":\"fr-FR\",\"potentialAction\":[{\"@type\":\"ReadAction\",\"target\":[\"https:\/\/affresco.it\/fr\/affresco-luxe-voyage\/enfants-et-ados\/\"]}]},{\"@type\":\"BreadcrumbList\",\"@id\":\"https:\/\/affresco.it\/fr\/affresco-luxe-voyage\/enfants-et-ados\/#breadcrumb\",\"itemListElement\":[{\"@type\":\"ListItem\",\"position\":1,\"item\":{\"@type\":\"WebPage\",\"@id\":\"https:\/\/affresco.it\/fr\/\",\"url\":\"https:\/\/affresco.it\/fr\/\",\"name\":\"Home\"}},{\"@type\":\"ListItem\",\"position\":2,\"item\":{\"@type\":\"WebPage\",\"@id\":\"https:\/\/affresco.it\/fr\/affresco-luxe-voyage\/\",\"url\":\"https:\/\/affresco.it\/fr\/affresco-luxe-voyage\/\",\"name\":\"VOYAGES DE LUXE AFFRESCO\"}},{\"@type\":\"ListItem\",\"position\":3,\"item\":{\"@type\":\"WebPage\",\"@id\":\"https:\/\/affresco.it\/fr\/affresco-luxe-voyage\/enfants-et-ados\/\",\"url\":\"https:\/\/affresco.it\/fr\/affresco-luxe-voyage\/enfants-et-ados\/\",\"name\":\"ENFANTS ET ADOS\"}}]}]}<\/script>\n<!-- \/ Yoast SEO plugin. -->","_links":{"self":[{"href":"https:\/\/affresco.it\/fr\/wp-json\/wp\/v2\/pages\/1936\/"}],"collection":[{"href":"https:\/\/affresco.it\/fr\/wp-json\/wp\/v2\/pages\/"}],"about":[{"href":"https:\/\/affresco.it\/fr\/wp-json\/wp\/v2\/types\/page\/"}],"author":[{"embeddable":true,"href":"https:\/\/affresco.it\/fr\/wp-json\/wp\/v2\/users\/2\/"}],"replies":[{"embeddable":true,"href":"https:\/\/affresco.it\/fr\/wp-json\/wp\/v2\/comments\/?post=1936"}],"version-history":[{"count":2,"href":"https:\/\/affresco.it\/fr\/wp-json\/wp\/v2\/pages\/1936\/revisions\/"}],"predecessor-version":[{"id":1940,"href":"https:\/\/affresco.it\/fr\/wp-json\/wp\/v2\/pages\/1936\/revisions\/1940\/"}],"up":[{"embeddable":true,"href":"https:\/\/affresco.it\/fr\/wp-json\/wp\/v2\/pages\/1903\/"}],"wp:featuredmedia":[{"embeddable":true,"href":"https:\/\/affresco.it\/fr\/wp-json\/wp\/v2\/media\/1938\/"}],"wp:attachment":[{"href":"https:\/\/affresco.it\/fr\/wp-json\/wp\/v2\/media\/?parent=1936"}],"curies":[{"name":"wp","href":"https:\/\/api.w.org\/{rel}","templated":true}]}}