{"id":1953,"date":"2020-06-19T17:37:50","date_gmt":"2020-06-19T15:37:50","guid":{"rendered":"https:\/\/affresco.it\/affresco-luxe-voyage\/lifetime\/"},"modified":"2021-02-23T17:10:20","modified_gmt":"2021-02-23T16:10:20","slug":"lifetime","status":"publish","type":"page","link":"https:\/\/affresco.it\/fr\/affresco-luxe-voyage\/lifetime\/","title":{"rendered":"Lifetime"},"content":{"rendered":"<p>Nous nous targuons de cr\u00e9er des itin\u00e9raires sur mesure dans le <em>Bel Paese<\/em> en mettant au premier plan les d\u00e9sirs de nos clients. L&rsquo;exp\u00e9rience n&rsquo;est pas seulement la destination, mais \u00e9galement le voyage. C&rsquo;est pourquoi Voyages de luxe Affresco propose des parcours personnalis\u00e9s de grande qualit\u00e9, organis\u00e9s et chor\u00e9graphi\u00e9s dans les moindres d\u00e9tails. Le but d&rsquo;un voyage \u00e0 la carte est de parvenir \u00e0 harmoniser les int\u00e9r\u00eats et les d\u00e9sirs de chacun avec les lieux visit\u00e9s, les personnes rencontr\u00e9es et les exp\u00e9riences v\u00e9cues, l&rsquo;essentiel \u00e9tant de vivre pleinement les \u00e9motions que suscitent une telle immersion.<\/p>\n<p><span style=\"font-weight: 400;\">\u00a0<\/span><\/p>\n","protected":false},"excerpt":{"rendered":"<p>Nous nous targuons de cr\u00e9er des itin\u00e9raires sur mesure dans le Bel Paese en mettant au premier plan les d\u00e9sirs [&hellip;]<\/p>\n","protected":false},"author":2,"featured_media":1910,"parent":1903,"menu_order":0,"comment_status":"closed","ping_status":"closed","template":"tpl-service.php","meta":[],"yoast_head":"<!-- This site is optimized with the Yoast SEO plugin v15.0 - https:\/\/yoast.com\/wordpress\/plugins\/seo\/ -->\n<meta name=\"description\" content=\"cr\u00e9er des itin\u00e9raires sur mesure dans le Bel Paese en mettant au premier plan les d\u00e9sirs de nos clients. L&#039;exp\u00e9rience n&#039;est pas seulement la destination, mais \u00e9galement le voyage.\" \/>\n<meta name=\"robots\" content=\"index, follow, max-snippet:-1, max-image-preview:large, max-video-preview:-1\" \/>\n<link rel=\"canonical\" href=\"https:\/\/affresco.it\/fr\/affresco-luxe-voyage\/lifetime\/\" \/>\n<meta property=\"og:locale\" content=\"fr_FR\" \/>\n<meta property=\"og:type\" content=\"article\" \/>\n<meta property=\"og:title\" content=\"Lifetime &ndash; Affresco\" \/>\n<meta property=\"og:description\" content=\"cr\u00e9er des itin\u00e9raires sur mesure dans le Bel Paese en mettant au premier plan les d\u00e9sirs de nos clients. L&#039;exp\u00e9rience n&#039;est pas seulement la destination, mais \u00e9galement le voyage.\" \/>\n<meta property=\"og:url\" content=\"https:\/\/affresco.it\/fr\/affresco-luxe-voyage\/lifetime\/\" \/>\n<meta property=\"og:site_name\" content=\"Affresco\" \/>\n<meta property=\"article:modified_time\" content=\"2021-02-23T16:10:20+00:00\" \/>\n<meta property=\"og:image\" content=\"https:\/\/affresco.it\/wp-content\/uploads\/2020\/09\/masks-venice-1.jpg\" \/>\n\t<meta property=\"og:image:width\" content=\"1920\" \/>\n\t<meta property=\"og:image:height\" content=\"1280\" \/>\n<meta name=\"twitter:card\" content=\"summary_large_image\" \/>\n<script type=\"application\/ld+json\" class=\"yoast-schema-graph\">{\"@context\":\"https:\/\/schema.org\",\"@graph\":[{\"@type\":\"WebSite\",\"@id\":\"https:\/\/affresco.it\/fr\/#website\",\"url\":\"https:\/\/affresco.it\/fr\/\",\"name\":\"Affresco\",\"description\":\"Un nuovo sito targato WordPress\",\"potentialAction\":[{\"@type\":\"SearchAction\",\"target\":\"https:\/\/affresco.it\/fr\/?s={search_term_string}\",\"query-input\":\"required name=search_term_string\"}],\"inLanguage\":\"fr-FR\"},{\"@type\":\"ImageObject\",\"@id\":\"https:\/\/affresco.it\/fr\/affresco-luxe-voyage\/lifetime\/#primaryimage\",\"inLanguage\":\"fr-FR\",\"url\":\"https:\/\/affresco.it\/wp-content\/uploads\/2020\/09\/masks-venice-1.jpg\",\"width\":1920,\"height\":1280},{\"@type\":\"WebPage\",\"@id\":\"https:\/\/affresco.it\/fr\/affresco-luxe-voyage\/lifetime\/#webpage\",\"url\":\"https:\/\/affresco.it\/fr\/affresco-luxe-voyage\/lifetime\/\",\"name\":\"Lifetime &ndash; Affresco\",\"isPartOf\":{\"@id\":\"https:\/\/affresco.it\/fr\/#website\"},\"primaryImageOfPage\":{\"@id\":\"https:\/\/affresco.it\/fr\/affresco-luxe-voyage\/lifetime\/#primaryimage\"},\"datePublished\":\"2020-06-19T15:37:50+00:00\",\"dateModified\":\"2021-02-23T16:10:20+00:00\",\"description\":\"cr\\u00e9er des itin\\u00e9raires sur mesure dans le Bel Paese en mettant au premier plan les d\\u00e9sirs de nos clients. L'exp\\u00e9rience n'est pas seulement la destination, mais \\u00e9galement le voyage.\",\"breadcrumb\":{\"@id\":\"https:\/\/affresco.it\/fr\/affresco-luxe-voyage\/lifetime\/#breadcrumb\"},\"inLanguage\":\"fr-FR\",\"potentialAction\":[{\"@type\":\"ReadAction\",\"target\":[\"https:\/\/affresco.it\/fr\/affresco-luxe-voyage\/lifetime\/\"]}]},{\"@type\":\"BreadcrumbList\",\"@id\":\"https:\/\/affresco.it\/fr\/affresco-luxe-voyage\/lifetime\/#breadcrumb\",\"itemListElement\":[{\"@type\":\"ListItem\",\"position\":1,\"item\":{\"@type\":\"WebPage\",\"@id\":\"https:\/\/affresco.it\/fr\/\",\"url\":\"https:\/\/affresco.it\/fr\/\",\"name\":\"Home\"}},{\"@type\":\"ListItem\",\"position\":2,\"item\":{\"@type\":\"WebPage\",\"@id\":\"https:\/\/affresco.it\/fr\/affresco-luxe-voyage\/\",\"url\":\"https:\/\/affresco.it\/fr\/affresco-luxe-voyage\/\",\"name\":\"VOYAGES DE LUXE AFFRESCO\"}},{\"@type\":\"ListItem\",\"position\":3,\"item\":{\"@type\":\"WebPage\",\"@id\":\"https:\/\/affresco.it\/fr\/affresco-luxe-voyage\/lifetime\/\",\"url\":\"https:\/\/affresco.it\/fr\/affresco-luxe-voyage\/lifetime\/\",\"name\":\"Lifetime\"}}]}]}<\/script>\n<!-- \/ Yoast SEO plugin. -->","_links":{"self":[{"href":"https:\/\/affresco.it\/fr\/wp-json\/wp\/v2\/pages\/1953\/"}],"collection":[{"href":"https:\/\/affresco.it\/fr\/wp-json\/wp\/v2\/pages\/"}],"about":[{"href":"https:\/\/affresco.it\/fr\/wp-json\/wp\/v2\/types\/page\/"}],"author":[{"embeddable":true,"href":"https:\/\/affresco.it\/fr\/wp-json\/wp\/v2\/users\/2\/"}],"replies":[{"embeddable":true,"href":"https:\/\/affresco.it\/fr\/wp-json\/wp\/v2\/comments\/?post=1953"}],"version-history":[{"count":2,"href":"https:\/\/affresco.it\/fr\/wp-json\/wp\/v2\/pages\/1953\/revisions\/"}],"predecessor-version":[{"id":1956,"href":"https:\/\/affresco.it\/fr\/wp-json\/wp\/v2\/pages\/1953\/revisions\/1956\/"}],"up":[{"embeddable":true,"href":"https:\/\/affresco.it\/fr\/wp-json\/wp\/v2\/pages\/1903\/"}],"wp:featuredmedia":[{"embeddable":true,"href":"https:\/\/affresco.it\/fr\/wp-json\/wp\/v2\/media\/1910\/"}],"wp:attachment":[{"href":"https:\/\/affresco.it\/fr\/wp-json\/wp\/v2\/media\/?parent=1953"}],"curies":[{"name":"wp","href":"https:\/\/api.w.org\/{rel}","templated":true}]}}