{"id":1966,"date":"2020-06-19T17:13:20","date_gmt":"2020-06-19T15:13:20","guid":{"rendered":"https:\/\/affresco.it\/affresco-wedding\/"},"modified":"2021-02-25T15:37:34","modified_gmt":"2021-02-25T14:37:34","slug":"collection-affresco-mariage","status":"publish","type":"page","link":"https:\/\/affresco.it\/fr\/collection-affresco-mariage\/","title":{"rendered":"AFFRESCO MARIAGE"},"content":{"rendered":"","protected":false},"excerpt":{"rendered":"<p>Forts de nos 30 ann\u00e9es d\u2019exp\u00e9rience, nous continuons \u00e0 tout mettre en \u0153uvre afin de vous accompagner dans le choix de l\u2019atmosph\u00e8re qui vous repr\u00e9sente au mieux.<\/p>\n","protected":false},"author":2,"featured_media":1968,"parent":0,"menu_order":0,"comment_status":"closed","ping_status":"closed","template":"tpl-main-service.php","meta":[],"yoast_head":"<!-- This site is optimized with the Yoast SEO plugin v15.0 - https:\/\/yoast.com\/wordpress\/plugins\/seo\/ -->\n<meta name=\"description\" content=\"Forts de nos 30 ann\u00e9es d\u2019exp\u00e9rience, nous continuons \u00e0 tout mettre en \u0153uvre afin de vous accompagner dans le choix de l\u2019atmosph\u00e8re qui vous repr\u00e9sente au mieux.Avec notre ma\u00eetrise des aspects logistiques et organisationnels, et afin de satisfaire l\u2019ensemble de vos attentes, vous laissant seul le plaisir du r\u00eave.\" \/>\n<meta name=\"robots\" content=\"index, follow, max-snippet:-1, max-image-preview:large, max-video-preview:-1\" \/>\n<link rel=\"canonical\" href=\"https:\/\/affresco.it\/fr\/collection-affresco-mariage\/\" \/>\n<meta property=\"og:locale\" content=\"fr_FR\" \/>\n<meta property=\"og:type\" content=\"article\" \/>\n<meta property=\"og:title\" content=\"AFFRESCO MARIAGE &ndash; Affresco\" \/>\n<meta property=\"og:description\" content=\"Forts de nos 30 ann\u00e9es d\u2019exp\u00e9rience, nous continuons \u00e0 tout mettre en \u0153uvre afin de vous accompagner dans le choix de l\u2019atmosph\u00e8re qui vous repr\u00e9sente au mieux.Avec notre ma\u00eetrise des aspects logistiques et organisationnels, et afin de satisfaire l\u2019ensemble de vos attentes, vous laissant seul le plaisir du r\u00eave.\" \/>\n<meta property=\"og:url\" content=\"https:\/\/affresco.it\/fr\/collection-affresco-mariage\/\" \/>\n<meta property=\"og:site_name\" content=\"Affresco\" \/>\n<meta property=\"article:modified_time\" content=\"2021-02-25T14:37:34+00:00\" \/>\n<meta property=\"og:image\" content=\"https:\/\/affresco.it\/wp-content\/uploads\/2020\/09\/1024x512-11.png\" \/>\n\t<meta property=\"og:image:width\" content=\"1024\" \/>\n\t<meta property=\"og:image:height\" content=\"512\" \/>\n<meta name=\"twitter:card\" content=\"summary_large_image\" \/>\n<script type=\"application\/ld+json\" class=\"yoast-schema-graph\">{\"@context\":\"https:\/\/schema.org\",\"@graph\":[{\"@type\":\"WebSite\",\"@id\":\"https:\/\/affresco.it\/fr\/#website\",\"url\":\"https:\/\/affresco.it\/fr\/\",\"name\":\"Affresco\",\"description\":\"Un nuovo sito targato WordPress\",\"potentialAction\":[{\"@type\":\"SearchAction\",\"target\":\"https:\/\/affresco.it\/fr\/?s={search_term_string}\",\"query-input\":\"required name=search_term_string\"}],\"inLanguage\":\"fr-FR\"},{\"@type\":\"ImageObject\",\"@id\":\"https:\/\/affresco.it\/fr\/collection-affresco-mariage\/#primaryimage\",\"inLanguage\":\"fr-FR\",\"url\":\"https:\/\/affresco.it\/wp-content\/uploads\/2020\/09\/1024x512-11.png\",\"width\":1024,\"height\":512},{\"@type\":\"WebPage\",\"@id\":\"https:\/\/affresco.it\/fr\/collection-affresco-mariage\/#webpage\",\"url\":\"https:\/\/affresco.it\/fr\/collection-affresco-mariage\/\",\"name\":\"AFFRESCO MARIAGE &ndash; Affresco\",\"isPartOf\":{\"@id\":\"https:\/\/affresco.it\/fr\/#website\"},\"primaryImageOfPage\":{\"@id\":\"https:\/\/affresco.it\/fr\/collection-affresco-mariage\/#primaryimage\"},\"datePublished\":\"2020-06-19T15:13:20+00:00\",\"dateModified\":\"2021-02-25T14:37:34+00:00\",\"description\":\"Forts de nos 30 ann\\u00e9es d\\u2019exp\\u00e9rience, nous continuons \\u00e0 tout mettre en \\u0153uvre afin de vous accompagner dans le choix de l\\u2019atmosph\\u00e8re qui vous repr\\u00e9sente au mieux.Avec notre ma\\u00eetrise des aspects logistiques et organisationnels, et afin de satisfaire l\\u2019ensemble de vos attentes, vous laissant seul le plaisir du r\\u00eave.\",\"breadcrumb\":{\"@id\":\"https:\/\/affresco.it\/fr\/collection-affresco-mariage\/#breadcrumb\"},\"inLanguage\":\"fr-FR\",\"potentialAction\":[{\"@type\":\"ReadAction\",\"target\":[\"https:\/\/affresco.it\/fr\/collection-affresco-mariage\/\"]}]},{\"@type\":\"BreadcrumbList\",\"@id\":\"https:\/\/affresco.it\/fr\/collection-affresco-mariage\/#breadcrumb\",\"itemListElement\":[{\"@type\":\"ListItem\",\"position\":1,\"item\":{\"@type\":\"WebPage\",\"@id\":\"https:\/\/affresco.it\/fr\/\",\"url\":\"https:\/\/affresco.it\/fr\/\",\"name\":\"Home\"}},{\"@type\":\"ListItem\",\"position\":2,\"item\":{\"@type\":\"WebPage\",\"@id\":\"https:\/\/affresco.it\/fr\/collection-affresco-mariage\/\",\"url\":\"https:\/\/affresco.it\/fr\/collection-affresco-mariage\/\",\"name\":\"AFFRESCO MARIAGE\"}}]}]}<\/script>\n<!-- \/ Yoast SEO plugin. -->","_links":{"self":[{"href":"https:\/\/affresco.it\/fr\/wp-json\/wp\/v2\/pages\/1966\/"}],"collection":[{"href":"https:\/\/affresco.it\/fr\/wp-json\/wp\/v2\/pages\/"}],"about":[{"href":"https:\/\/affresco.it\/fr\/wp-json\/wp\/v2\/types\/page\/"}],"author":[{"embeddable":true,"href":"https:\/\/affresco.it\/fr\/wp-json\/wp\/v2\/users\/2\/"}],"replies":[{"embeddable":true,"href":"https:\/\/affresco.it\/fr\/wp-json\/wp\/v2\/comments\/?post=1966"}],"version-history":[{"count":13,"href":"https:\/\/affresco.it\/fr\/wp-json\/wp\/v2\/pages\/1966\/revisions\/"}],"predecessor-version":[{"id":2236,"href":"https:\/\/affresco.it\/fr\/wp-json\/wp\/v2\/pages\/1966\/revisions\/2236\/"}],"wp:featuredmedia":[{"embeddable":true,"href":"https:\/\/affresco.it\/fr\/wp-json\/wp\/v2\/media\/1968\/"}],"wp:attachment":[{"href":"https:\/\/affresco.it\/fr\/wp-json\/wp\/v2\/media\/?parent=1966"}],"curies":[{"name":"wp","href":"https:\/\/api.w.org\/{rel}","templated":true}]}}