{"id":2027,"date":"2020-10-05T17:18:14","date_gmt":"2020-10-05T15:18:14","guid":{"rendered":"https:\/\/affresco.it\/collection-affresco-mariage\/affresco-wedding-consulting\/"},"modified":"2021-02-24T16:12:22","modified_gmt":"2021-02-24T15:12:22","slug":"organisation-affresco-mariage","status":"publish","type":"page","link":"https:\/\/affresco.it\/fr\/collection-affresco-mariage\/organisation-affresco-mariage\/","title":{"rendered":"ORGANISATION AFFRESCO MARIAGE"},"content":{"rendered":"<p>Nous prenons en charge toutes les \u00e9tapes de l&rsquo;organisation de votre Mariage en vous proposant un service personnalis\u00e9 :<\/p>\n<p>Rendez-vous initial pour discuter de vos exigences, pr\u00e9f\u00e9rences, attentes et \u00e9laborer ensemble le planning d\u00e9taill\u00e9 de votre projet<\/p>\n<p>Recherche et proposition de destinations et de lieux de r\u00e9ception dans toute l&rsquo;Italie<\/p>\n<p>Wedding Design: r\u00e9alisation de tout l&rsquo;aspect cr\u00e9atif du projet<\/p>\n<p>\u00c9laboration du budget et projet d&rsquo;optimisation des co\u00fbts<\/p>\n<p>Conception du site Internet du Mariage<\/p>\n<p>Recherche et proposition d&rsquo;h\u00e9bergements pour le s\u00e9jour des invit\u00e9s. N\u00e9gociations des tarifs et conditions pr\u00e9f\u00e9rentielles. Gestion des r\u00e9servations.<\/p>\n<p>Accompagnement dans les d\u00e9marches administratives du Mariage<\/p>\n<p>Charte graphique et papeterie ( Save the date, invitations, menu, cartes de remerciements etc&#8230;)<\/p>\n<p>Proposition et coordination de l&rsquo;animation musicale et artistique<\/p>\n<p>Coordination et assistance d&rsquo;une \u00e9quipe d&rsquo;experts avec lesquels nous avons d\u00e9velopp\u00e9 une collaboration solide au fil des ans : les traiteurs les plus renomm\u00e9s d&rsquo;Italie, les professionnels les plus innovants du secteur audio\/\u00e9clairage, les fleuristes les plus cr\u00e9atifs, photographes, vid\u00e9astes, maquilleurs, coiffeurs etc&#8230;<\/p>\n<p>Gestion et coordination des transferts des invit\u00e9s<\/p>\n<p>Gestion et coordination du montage et d\u00e9montage des installations<\/p>\n<p><span lang=\"FR\" style=\"font-size: 11.0pt; font-family: 'Calibri',sans-serif;\">\u00a0<\/span><\/p>\n","protected":false},"excerpt":{"rendered":"<p>Nous prenons en charge toutes les \u00e9tapes de l&rsquo;organisation de votre Mariage en vous proposant un service personnalis\u00e9 : Rendez-vous [&hellip;]<\/p>\n","protected":false},"author":2,"featured_media":2655,"parent":1966,"menu_order":0,"comment_status":"closed","ping_status":"closed","template":"tpl-service.php","meta":[],"yoast_head":"<!-- This site is optimized with the Yoast SEO plugin v15.0 - https:\/\/yoast.com\/wordpress\/plugins\/seo\/ -->\n<meta name=\"description\" content=\"Nous prenons en charge toutes les \u00e9tapes de l&#039;organisation de votre Mariage en vous proposant un service personnalis\u00e9\" \/>\n<meta name=\"robots\" content=\"index, follow, max-snippet:-1, max-image-preview:large, max-video-preview:-1\" \/>\n<link rel=\"canonical\" href=\"https:\/\/affresco.it\/fr\/collection-affresco-mariage\/organisation-affresco-mariage\/\" \/>\n<meta property=\"og:locale\" content=\"fr_FR\" \/>\n<meta property=\"og:type\" content=\"article\" \/>\n<meta property=\"og:title\" content=\"ORGANISATION AFFRESCO MARIAGE &ndash; Affresco\" \/>\n<meta property=\"og:description\" content=\"Nous prenons en charge toutes les \u00e9tapes de l&#039;organisation de votre Mariage en vous proposant un service personnalis\u00e9\" \/>\n<meta property=\"og:url\" content=\"https:\/\/affresco.it\/fr\/collection-affresco-mariage\/organisation-affresco-mariage\/\" \/>\n<meta property=\"og:site_name\" content=\"Affresco\" \/>\n<meta property=\"article:modified_time\" content=\"2021-02-24T15:12:22+00:00\" \/>\n<meta property=\"og:image\" content=\"https:\/\/affresco.it\/wp-content\/uploads\/2020\/09\/flowers-roses.jpg\" \/>\n\t<meta property=\"og:image:width\" content=\"1024\" \/>\n\t<meta property=\"og:image:height\" content=\"682\" \/>\n<meta name=\"twitter:card\" content=\"summary_large_image\" \/>\n<script type=\"application\/ld+json\" class=\"yoast-schema-graph\">{\"@context\":\"https:\/\/schema.org\",\"@graph\":[{\"@type\":\"WebSite\",\"@id\":\"https:\/\/affresco.it\/fr\/#website\",\"url\":\"https:\/\/affresco.it\/fr\/\",\"name\":\"Affresco\",\"description\":\"Un nuovo sito targato WordPress\",\"potentialAction\":[{\"@type\":\"SearchAction\",\"target\":\"https:\/\/affresco.it\/fr\/?s={search_term_string}\",\"query-input\":\"required name=search_term_string\"}],\"inLanguage\":\"fr-FR\"},{\"@type\":\"ImageObject\",\"@id\":\"https:\/\/affresco.it\/fr\/collection-affresco-mariage\/organisation-affresco-mariage\/#primaryimage\",\"inLanguage\":\"fr-FR\",\"url\":\"https:\/\/affresco.it\/wp-content\/uploads\/2024\/12\/2C6A0484.jpg\",\"width\":1080,\"height\":1619},{\"@type\":\"WebPage\",\"@id\":\"https:\/\/affresco.it\/fr\/collection-affresco-mariage\/organisation-affresco-mariage\/#webpage\",\"url\":\"https:\/\/affresco.it\/fr\/collection-affresco-mariage\/organisation-affresco-mariage\/\",\"name\":\"ORGANISATION AFFRESCO MARIAGE &ndash; Affresco\",\"isPartOf\":{\"@id\":\"https:\/\/affresco.it\/fr\/#website\"},\"primaryImageOfPage\":{\"@id\":\"https:\/\/affresco.it\/fr\/collection-affresco-mariage\/organisation-affresco-mariage\/#primaryimage\"},\"datePublished\":\"2020-10-05T15:18:14+00:00\",\"dateModified\":\"2021-02-24T15:12:22+00:00\",\"description\":\"Nous prenons en charge toutes les \\u00e9tapes de l'organisation de votre Mariage en vous proposant un service personnalis\\u00e9\",\"breadcrumb\":{\"@id\":\"https:\/\/affresco.it\/fr\/collection-affresco-mariage\/organisation-affresco-mariage\/#breadcrumb\"},\"inLanguage\":\"fr-FR\",\"potentialAction\":[{\"@type\":\"ReadAction\",\"target\":[\"https:\/\/affresco.it\/fr\/collection-affresco-mariage\/organisation-affresco-mariage\/\"]}]},{\"@type\":\"BreadcrumbList\",\"@id\":\"https:\/\/affresco.it\/fr\/collection-affresco-mariage\/organisation-affresco-mariage\/#breadcrumb\",\"itemListElement\":[{\"@type\":\"ListItem\",\"position\":1,\"item\":{\"@type\":\"WebPage\",\"@id\":\"https:\/\/affresco.it\/fr\/\",\"url\":\"https:\/\/affresco.it\/fr\/\",\"name\":\"Home\"}},{\"@type\":\"ListItem\",\"position\":2,\"item\":{\"@type\":\"WebPage\",\"@id\":\"https:\/\/affresco.it\/fr\/collection-affresco-mariage\/\",\"url\":\"https:\/\/affresco.it\/fr\/collection-affresco-mariage\/\",\"name\":\"AFFRESCO MARIAGE\"}},{\"@type\":\"ListItem\",\"position\":3,\"item\":{\"@type\":\"WebPage\",\"@id\":\"https:\/\/affresco.it\/fr\/collection-affresco-mariage\/organisation-affresco-mariage\/\",\"url\":\"https:\/\/affresco.it\/fr\/collection-affresco-mariage\/organisation-affresco-mariage\/\",\"name\":\"ORGANISATION AFFRESCO MARIAGE\"}}]}]}<\/script>\n<!-- \/ Yoast SEO plugin. -->","_links":{"self":[{"href":"https:\/\/affresco.it\/fr\/wp-json\/wp\/v2\/pages\/2027\/"}],"collection":[{"href":"https:\/\/affresco.it\/fr\/wp-json\/wp\/v2\/pages\/"}],"about":[{"href":"https:\/\/affresco.it\/fr\/wp-json\/wp\/v2\/types\/page\/"}],"author":[{"embeddable":true,"href":"https:\/\/affresco.it\/fr\/wp-json\/wp\/v2\/users\/2\/"}],"replies":[{"embeddable":true,"href":"https:\/\/affresco.it\/fr\/wp-json\/wp\/v2\/comments\/?post=2027"}],"version-history":[{"count":3,"href":"https:\/\/affresco.it\/fr\/wp-json\/wp\/v2\/pages\/2027\/revisions\/"}],"predecessor-version":[{"id":2222,"href":"https:\/\/affresco.it\/fr\/wp-json\/wp\/v2\/pages\/2027\/revisions\/2222\/"}],"up":[{"embeddable":true,"href":"https:\/\/affresco.it\/fr\/wp-json\/wp\/v2\/pages\/1966\/"}],"wp:featuredmedia":[{"embeddable":true,"href":"https:\/\/affresco.it\/fr\/wp-json\/wp\/v2\/media\/2655\/"}],"wp:attachment":[{"href":"https:\/\/affresco.it\/fr\/wp-json\/wp\/v2\/media\/?parent=2027"}],"curies":[{"name":"wp","href":"https:\/\/api.w.org\/{rel}","templated":true}]}}