{"id":2050,"date":"2020-09-08T15:55:55","date_gmt":"2020-09-08T13:55:55","guid":{"rendered":"https:\/\/affresco.it\/collection-affresco-mariage\/wedding-destinations\/"},"modified":"2021-02-23T17:33:17","modified_gmt":"2021-02-23T16:33:17","slug":"destinations-affresco-mariage","status":"publish","type":"page","link":"https:\/\/affresco.it\/fr\/collection-affresco-mariage\/destinations-affresco-mariage\/","title":{"rendered":"DESTINATIONS AFFRESCO MARIAGE"},"content":{"rendered":"<p class=\"Standard\" style=\"text-align: justify; text-justify: inter-ideograph;\"><span lang=\"FR\">S&rsquo;\u00e9prendre de l&rsquo;Italie est chose facile : une alchimie parfaite entre romantisme, raffinement, \u00e9l\u00e9gance, culture, traditions et paysages parmi les plus exclusifs du monde. Nous vous accompagnerons dans le choix de la destination italienne qui vous ressemble le plus. Gr\u00e2ce \u00e0 une analyse m\u00e9ticuleuse de vos pr\u00e9f\u00e9rences et de vos attentes, nous \u00e9tudierons un projet personnalis\u00e9 et unique pour raconter au mieux votre histoire et cr\u00e9er le cadre id\u00e9al dans lequel accueillir vos invit\u00e9s.<\/span><\/p>\n","protected":false},"excerpt":{"rendered":"<p>S&rsquo;\u00e9prendre de l&rsquo;Italie est chose facile : une alchimie parfaite entre romantisme, raffinement, \u00e9l\u00e9gance, culture, traditions et paysages parmi les [&hellip;]<\/p>\n","protected":false},"author":2,"featured_media":2052,"parent":1966,"menu_order":0,"comment_status":"closed","ping_status":"closed","template":"tpl-service.php","meta":[],"yoast_head":"<!-- This site is optimized with the Yoast SEO plugin v15.0 - https:\/\/yoast.com\/wordpress\/plugins\/seo\/ -->\n<meta name=\"description\" content=\"S&#039;\u00e9prendre de l&#039;Italie est chose facile : une alchimie parfaite entre romantisme, raffinement, \u00e9l\u00e9gance, culture, traditions et paysages parmi les plus exclusifs du monde.\" \/>\n<meta name=\"robots\" content=\"index, follow, max-snippet:-1, max-image-preview:large, max-video-preview:-1\" \/>\n<link rel=\"canonical\" href=\"https:\/\/affresco.it\/fr\/collection-affresco-mariage\/destinations-affresco-mariage\/\" \/>\n<meta property=\"og:locale\" content=\"fr_FR\" \/>\n<meta property=\"og:type\" content=\"article\" \/>\n<meta property=\"og:title\" content=\"DESTINATIONS AFFRESCO MARIAGE &ndash; Affresco\" \/>\n<meta property=\"og:description\" content=\"S&#039;\u00e9prendre de l&#039;Italie est chose facile : une alchimie parfaite entre romantisme, raffinement, \u00e9l\u00e9gance, culture, traditions et paysages parmi les plus exclusifs du monde.\" \/>\n<meta property=\"og:url\" content=\"https:\/\/affresco.it\/fr\/collection-affresco-mariage\/destinations-affresco-mariage\/\" \/>\n<meta property=\"og:site_name\" content=\"Affresco\" \/>\n<meta property=\"article:modified_time\" content=\"2021-02-23T16:33:17+00:00\" \/>\n<meta property=\"og:image\" content=\"https:\/\/affresco.it\/wp-content\/uploads\/2020\/10\/lake-of-como_view_RID.jpg\" \/>\n\t<meta property=\"og:image:width\" content=\"1024\" \/>\n\t<meta property=\"og:image:height\" content=\"681\" \/>\n<meta name=\"twitter:card\" content=\"summary_large_image\" \/>\n<script type=\"application\/ld+json\" class=\"yoast-schema-graph\">{\"@context\":\"https:\/\/schema.org\",\"@graph\":[{\"@type\":\"WebSite\",\"@id\":\"https:\/\/affresco.it\/fr\/#website\",\"url\":\"https:\/\/affresco.it\/fr\/\",\"name\":\"Affresco\",\"description\":\"Un nuovo sito targato WordPress\",\"potentialAction\":[{\"@type\":\"SearchAction\",\"target\":\"https:\/\/affresco.it\/fr\/?s={search_term_string}\",\"query-input\":\"required name=search_term_string\"}],\"inLanguage\":\"fr-FR\"},{\"@type\":\"ImageObject\",\"@id\":\"https:\/\/affresco.it\/fr\/collection-affresco-mariage\/destinations-affresco-mariage\/#primaryimage\",\"inLanguage\":\"fr-FR\",\"url\":\"https:\/\/affresco.it\/wp-content\/uploads\/2020\/10\/lake-of-como_view_RID.jpg\",\"width\":1024,\"height\":681},{\"@type\":\"WebPage\",\"@id\":\"https:\/\/affresco.it\/fr\/collection-affresco-mariage\/destinations-affresco-mariage\/#webpage\",\"url\":\"https:\/\/affresco.it\/fr\/collection-affresco-mariage\/destinations-affresco-mariage\/\",\"name\":\"DESTINATIONS AFFRESCO MARIAGE &ndash; Affresco\",\"isPartOf\":{\"@id\":\"https:\/\/affresco.it\/fr\/#website\"},\"primaryImageOfPage\":{\"@id\":\"https:\/\/affresco.it\/fr\/collection-affresco-mariage\/destinations-affresco-mariage\/#primaryimage\"},\"datePublished\":\"2020-09-08T13:55:55+00:00\",\"dateModified\":\"2021-02-23T16:33:17+00:00\",\"description\":\"S'\\u00e9prendre de l'Italie est chose facile : une alchimie parfaite entre romantisme, raffinement, \\u00e9l\\u00e9gance, culture, traditions et paysages parmi les plus exclusifs du monde.\",\"breadcrumb\":{\"@id\":\"https:\/\/affresco.it\/fr\/collection-affresco-mariage\/destinations-affresco-mariage\/#breadcrumb\"},\"inLanguage\":\"fr-FR\",\"potentialAction\":[{\"@type\":\"ReadAction\",\"target\":[\"https:\/\/affresco.it\/fr\/collection-affresco-mariage\/destinations-affresco-mariage\/\"]}]},{\"@type\":\"BreadcrumbList\",\"@id\":\"https:\/\/affresco.it\/fr\/collection-affresco-mariage\/destinations-affresco-mariage\/#breadcrumb\",\"itemListElement\":[{\"@type\":\"ListItem\",\"position\":1,\"item\":{\"@type\":\"WebPage\",\"@id\":\"https:\/\/affresco.it\/fr\/\",\"url\":\"https:\/\/affresco.it\/fr\/\",\"name\":\"Home\"}},{\"@type\":\"ListItem\",\"position\":2,\"item\":{\"@type\":\"WebPage\",\"@id\":\"https:\/\/affresco.it\/fr\/collection-affresco-mariage\/\",\"url\":\"https:\/\/affresco.it\/fr\/collection-affresco-mariage\/\",\"name\":\"AFFRESCO MARIAGE\"}},{\"@type\":\"ListItem\",\"position\":3,\"item\":{\"@type\":\"WebPage\",\"@id\":\"https:\/\/affresco.it\/fr\/collection-affresco-mariage\/destinations-affresco-mariage\/\",\"url\":\"https:\/\/affresco.it\/fr\/collection-affresco-mariage\/destinations-affresco-mariage\/\",\"name\":\"DESTINATIONS AFFRESCO MARIAGE\"}}]}]}<\/script>\n<!-- \/ Yoast SEO plugin. -->","_links":{"self":[{"href":"https:\/\/affresco.it\/fr\/wp-json\/wp\/v2\/pages\/2050\/"}],"collection":[{"href":"https:\/\/affresco.it\/fr\/wp-json\/wp\/v2\/pages\/"}],"about":[{"href":"https:\/\/affresco.it\/fr\/wp-json\/wp\/v2\/types\/page\/"}],"author":[{"embeddable":true,"href":"https:\/\/affresco.it\/fr\/wp-json\/wp\/v2\/users\/2\/"}],"replies":[{"embeddable":true,"href":"https:\/\/affresco.it\/fr\/wp-json\/wp\/v2\/comments\/?post=2050"}],"version-history":[{"count":2,"href":"https:\/\/affresco.it\/fr\/wp-json\/wp\/v2\/pages\/2050\/revisions\/"}],"predecessor-version":[{"id":2054,"href":"https:\/\/affresco.it\/fr\/wp-json\/wp\/v2\/pages\/2050\/revisions\/2054\/"}],"up":[{"embeddable":true,"href":"https:\/\/affresco.it\/fr\/wp-json\/wp\/v2\/pages\/1966\/"}],"wp:featuredmedia":[{"embeddable":true,"href":"https:\/\/affresco.it\/fr\/wp-json\/wp\/v2\/media\/2052\/"}],"wp:attachment":[{"href":"https:\/\/affresco.it\/fr\/wp-json\/wp\/v2\/media\/?parent=2050"}],"curies":[{"name":"wp","href":"https:\/\/api.w.org\/{rel}","templated":true}]}}