{"id":2087,"date":"2020-09-10T17:44:04","date_gmt":"2020-09-10T15:44:04","guid":{"rendered":"https:\/\/affresco.it\/collection-affresco-mariage\/wedding-venues\/"},"modified":"2021-02-23T17:34:29","modified_gmt":"2021-02-23T16:34:29","slug":"lieux-de-reception","status":"publish","type":"page","link":"https:\/\/affresco.it\/fr\/collection-affresco-mariage\/lieux-de-reception\/","title":{"rendered":"LIEUX DE R\u00c9CEPTION"},"content":{"rendered":"<p class=\"Standard\" style=\"text-align: justify; text-justify: inter-ideograph;\"><span lang=\"FR\">Nous vous ouvrirons les portes de sites pris\u00e9s et inhabituels. Des lieux enchanteurs, charg\u00e9s d&rsquo;histoire, riches d&rsquo;art et de charme. Ch\u00e2teaux de r\u00eave, demeures et villas aristocratiques, propri\u00e9t\u00e9s de luxe immerg\u00e9es dans la nature, collines romantiques, jardins secrets, villes d&rsquo;art pr\u00e9cieuses ou paysages c\u00f4tiers parmi les plus beaux du monde, rien n&rsquo;est trop beau pour servir d&rsquo;\u00e9crin au plus beau jour de votre vie.<\/span><\/p>\n","protected":false},"excerpt":{"rendered":"<p>Nous vous ouvrirons les portes de sites pris\u00e9s et inhabituels. Des lieux enchanteurs, charg\u00e9s d&rsquo;histoire, riches d&rsquo;art et de charme. [&hellip;]<\/p>\n","protected":false},"author":1,"featured_media":1538,"parent":1966,"menu_order":0,"comment_status":"closed","ping_status":"closed","template":"tpl-service.php","meta":[],"yoast_head":"<!-- This site is optimized with the Yoast SEO plugin v15.0 - https:\/\/yoast.com\/wordpress\/plugins\/seo\/ -->\n<meta name=\"description\" content=\"Nous vous ouvrirons les portes de sites pris\u00e9s et inhabituels. Des lieux enchanteurs, charg\u00e9s d&#039;histoire, riches d&#039;art et de charme. Ch\u00e2teaux de r\u00eave, demeures et villas aristocratiques, propri\u00e9t\u00e9s de luxe immerg\u00e9es dans la nature\" \/>\n<meta name=\"robots\" content=\"index, follow, max-snippet:-1, max-image-preview:large, max-video-preview:-1\" \/>\n<link rel=\"canonical\" href=\"https:\/\/affresco.it\/fr\/collection-affresco-mariage\/lieux-de-reception\/\" \/>\n<meta property=\"og:locale\" content=\"fr_FR\" \/>\n<meta property=\"og:type\" content=\"article\" \/>\n<meta property=\"og:title\" content=\"LIEUX DE R\u00c9CEPTION &ndash; Affresco\" \/>\n<meta property=\"og:description\" content=\"Nous vous ouvrirons les portes de sites pris\u00e9s et inhabituels. Des lieux enchanteurs, charg\u00e9s d&#039;histoire, riches d&#039;art et de charme. Ch\u00e2teaux de r\u00eave, demeures et villas aristocratiques, propri\u00e9t\u00e9s de luxe immerg\u00e9es dans la nature\" \/>\n<meta property=\"og:url\" content=\"https:\/\/affresco.it\/fr\/collection-affresco-mariage\/lieux-de-reception\/\" \/>\n<meta property=\"og:site_name\" content=\"Affresco\" \/>\n<meta property=\"article:modified_time\" content=\"2021-02-23T16:34:29+00:00\" \/>\n<meta property=\"og:image\" content=\"https:\/\/affresco.it\/wp-content\/uploads\/2021\/02\/158646002.jpg\" \/>\n\t<meta property=\"og:image:width\" content=\"1024\" \/>\n\t<meta property=\"og:image:height\" content=\"682\" \/>\n<meta name=\"twitter:card\" content=\"summary_large_image\" \/>\n<script type=\"application\/ld+json\" class=\"yoast-schema-graph\">{\"@context\":\"https:\/\/schema.org\",\"@graph\":[{\"@type\":\"WebSite\",\"@id\":\"https:\/\/affresco.it\/fr\/#website\",\"url\":\"https:\/\/affresco.it\/fr\/\",\"name\":\"Affresco\",\"description\":\"Un nuovo sito targato WordPress\",\"potentialAction\":[{\"@type\":\"SearchAction\",\"target\":\"https:\/\/affresco.it\/fr\/?s={search_term_string}\",\"query-input\":\"required name=search_term_string\"}],\"inLanguage\":\"fr-FR\"},{\"@type\":\"ImageObject\",\"@id\":\"https:\/\/affresco.it\/fr\/collection-affresco-mariage\/lieux-de-reception\/#primaryimage\",\"inLanguage\":\"fr-FR\",\"url\":\"https:\/\/affresco.it\/wp-content\/uploads\/2021\/02\/158646002.jpg\",\"width\":1024,\"height\":682},{\"@type\":\"WebPage\",\"@id\":\"https:\/\/affresco.it\/fr\/collection-affresco-mariage\/lieux-de-reception\/#webpage\",\"url\":\"https:\/\/affresco.it\/fr\/collection-affresco-mariage\/lieux-de-reception\/\",\"name\":\"LIEUX DE R\\u00c9CEPTION &ndash; Affresco\",\"isPartOf\":{\"@id\":\"https:\/\/affresco.it\/fr\/#website\"},\"primaryImageOfPage\":{\"@id\":\"https:\/\/affresco.it\/fr\/collection-affresco-mariage\/lieux-de-reception\/#primaryimage\"},\"datePublished\":\"2020-09-10T15:44:04+00:00\",\"dateModified\":\"2021-02-23T16:34:29+00:00\",\"description\":\"Nous vous ouvrirons les portes de sites pris\\u00e9s et inhabituels. Des lieux enchanteurs, charg\\u00e9s d'histoire, riches d'art et de charme. Ch\\u00e2teaux de r\\u00eave, demeures et villas aristocratiques, propri\\u00e9t\\u00e9s de luxe immerg\\u00e9es dans la nature\",\"breadcrumb\":{\"@id\":\"https:\/\/affresco.it\/fr\/collection-affresco-mariage\/lieux-de-reception\/#breadcrumb\"},\"inLanguage\":\"fr-FR\",\"potentialAction\":[{\"@type\":\"ReadAction\",\"target\":[\"https:\/\/affresco.it\/fr\/collection-affresco-mariage\/lieux-de-reception\/\"]}]},{\"@type\":\"BreadcrumbList\",\"@id\":\"https:\/\/affresco.it\/fr\/collection-affresco-mariage\/lieux-de-reception\/#breadcrumb\",\"itemListElement\":[{\"@type\":\"ListItem\",\"position\":1,\"item\":{\"@type\":\"WebPage\",\"@id\":\"https:\/\/affresco.it\/fr\/\",\"url\":\"https:\/\/affresco.it\/fr\/\",\"name\":\"Home\"}},{\"@type\":\"ListItem\",\"position\":2,\"item\":{\"@type\":\"WebPage\",\"@id\":\"https:\/\/affresco.it\/fr\/collection-affresco-mariage\/\",\"url\":\"https:\/\/affresco.it\/fr\/collection-affresco-mariage\/\",\"name\":\"AFFRESCO MARIAGE\"}},{\"@type\":\"ListItem\",\"position\":3,\"item\":{\"@type\":\"WebPage\",\"@id\":\"https:\/\/affresco.it\/fr\/collection-affresco-mariage\/lieux-de-reception\/\",\"url\":\"https:\/\/affresco.it\/fr\/collection-affresco-mariage\/lieux-de-reception\/\",\"name\":\"LIEUX DE R\\u00c9CEPTION\"}}]}]}<\/script>\n<!-- \/ Yoast SEO plugin. -->","_links":{"self":[{"href":"https:\/\/affresco.it\/fr\/wp-json\/wp\/v2\/pages\/2087\/"}],"collection":[{"href":"https:\/\/affresco.it\/fr\/wp-json\/wp\/v2\/pages\/"}],"about":[{"href":"https:\/\/affresco.it\/fr\/wp-json\/wp\/v2\/types\/page\/"}],"author":[{"embeddable":true,"href":"https:\/\/affresco.it\/fr\/wp-json\/wp\/v2\/users\/1\/"}],"replies":[{"embeddable":true,"href":"https:\/\/affresco.it\/fr\/wp-json\/wp\/v2\/comments\/?post=2087"}],"version-history":[{"count":1,"href":"https:\/\/affresco.it\/fr\/wp-json\/wp\/v2\/pages\/2087\/revisions\/"}],"predecessor-version":[{"id":2089,"href":"https:\/\/affresco.it\/fr\/wp-json\/wp\/v2\/pages\/2087\/revisions\/2089\/"}],"up":[{"embeddable":true,"href":"https:\/\/affresco.it\/fr\/wp-json\/wp\/v2\/pages\/1966\/"}],"wp:featuredmedia":[{"embeddable":true,"href":"https:\/\/affresco.it\/fr\/wp-json\/wp\/v2\/media\/1538\/"}],"wp:attachment":[{"href":"https:\/\/affresco.it\/fr\/wp-json\/wp\/v2\/media\/?parent=2087"}],"curies":[{"name":"wp","href":"https:\/\/api.w.org\/{rel}","templated":true}]}}