{"id":2352,"date":"2021-03-03T15:34:56","date_gmt":"2021-03-03T14:34:56","guid":{"rendered":"https:\/\/affresco.it\/cookie-policy\/"},"modified":"2024-09-25T14:43:03","modified_gmt":"2024-09-25T12:43:03","slug":"cookie-policy","status":"publish","type":"page","link":"https:\/\/affresco.it\/fr\/cookie-policy\/","title":{"rendered":"Cookie Policy"},"content":{"rendered":"<div id=\"acconsento-cookies-container\" style=\"width:100%;\"><\/div>\n<p><!-- Politique relative aux cookies de <strong>affresco.it<\/strong>\n\nLe pr\u00e9sent document informe les Utilisateurs des technologies permettant \u00e0 cette Application d\u2019atteindre les finalit\u00e9s d\u00e9crites ci-dessous. Ces technologies permettent au Propri\u00e9taire d\u2019acc\u00e9der \u00e0 des informations et de les stocker (\u00e0 l\u2019aide d\u2019un Cookie, par exemple) ou d\u2019utiliser des ressources (en ex\u00e9cutant un script, par exemple) sur l\u2019appareil d\u2019un Utilisateur lorsque celui-ci interagit avec cette Application.\n\nPar souci de simplification, toutes ces technologies sont d\u00e9finies comme \u00e9tant des \u00ab Traqueurs \u00bb dans le pr\u00e9sent document, \u00e0 moins qu\u2019il n\u2019existe une raison de les diff\u00e9rencier.\nPar exemple, bien que les Cookies puissent \u00eatre utilis\u00e9s \u00e0 la fois sur les navigateurs Internet et mobiles, il serait inexact de parler de Cookies dans le contexte des applications mobiles car ce sont des traqueurs bas\u00e9s sur un navigateur. C\u2019est pourquoi, dans ce document, le terme Cookies n\u2019est utilis\u00e9 que lorsqu\u2019il est sp\u00e9cifiquement destin\u00e9 \u00e0 indiquer ce type sp\u00e9cifique de Traqueur.\n\nCertaines des finalit\u00e9s pour lesquelles les Traqueurs sont utilis\u00e9s peuvent n\u00e9cessiter le consentement de l\u2019Utilisateur. Lorsque le consentement est donn\u00e9, il peut \u00eatre librement retir\u00e9 \u00e0 tout moment en suivant les instructions fournies dans le pr\u00e9sent document.\n\nCette Application utilise des Traqueurs g\u00e9r\u00e9s directement par le Propri\u00e9taire (les Traqueurs dits \u00ab de premi\u00e8re partie \u00bb) et les Traqueurs qui activent les services fournis par un tiers (les Traqueurs dits \u00ab tiers \u00bb). Sauf indication contraire dans le pr\u00e9sent document, les fournisseurs tiers peuvent acc\u00e9der aux Traqueurs g\u00e9r\u00e9s par eux-m\u00eames.\nLes p\u00e9riodes de validit\u00e9 et d\u2019expiration des Cookies et d\u2019autres Traqueurs similaires peuvent varier en fonction de la dur\u00e9e de vie d\u00e9finie par le Propri\u00e9taire ou le fournisseur concern\u00e9. Certains expirent \u00e0 la fin de la session de navigation de l\u2019Utilisateur.\nOutre ce qui est pr\u00e9cis\u00e9 dans les descriptions de chacune des cat\u00e9gories ci-dessous, les Utilisateurs peuvent trouver des informations plus pr\u00e9cises et actualis\u00e9es concernant la description sur la dur\u00e9e de vie ainsi que toute autre information utile \u2013 comme la pr\u00e9sence d\u2019autres Traqueurs \u2013 dans les politiques de confidentialit\u00e9 des fournisseurs tiers respectifs, mises en lien, ou en contactant le Propri\u00e9taire.\n\n\n<h3>Activit\u00e9s strictement n\u00e9cessaires au fonctionnement de cette Application et \u00e0 la fourniture du Service<\/h3>\n\n\nCette Application utilise des Cookies dits \u00ab techniques \u00bb et d\u2019autres Traqueurs similaires pour mener des activit\u00e9s strictement n\u00e9cessaires au fonctionnement ou \u00e0 la fourniture du Service.\n\n\n<h3>Autres activit\u00e9s impliquant l\u2019utilisation de Traqueurs<\/h3>\n\n\n<strong>Am\u00e9lioration de l\u2019exp\u00e9rience<\/strong>\n\nCette Application utilise des Traqueurs pour offrir une exp\u00e9rience utilisateur personnalis\u00e9e en am\u00e9liorant la qualit\u00e9 des options de gestion des pr\u00e9f\u00e9rences et en permettant les interactions avec les r\u00e9seaux et les plateformes externes.\n\n\n<div>\n\n<strong>Affichage de contenus \u00e0 partir de plateformes externes<\/strong>\n\n\n<div>\n\nCe type de services vous permet de visualiser et d\u2019interagir avec le contenu h\u00e9berg\u00e9 sur des plateformes externes directement \u00e0 partir des pages de cette Application. Si un tel service est install\u00e9, il peut toujours collecter les donn\u00e9es relatives au trafic Web des pages, m\u00eame si l\u2019Utilisateur ne l\u2019utilise pas.\n\n<strong>Google Maps widget (Google Ireland Limited)<\/strong>\n\n\n<div>\n\nGoogle Maps est un service de visualisation de cartes fourni par Google Ireland Limited qui permet \u00e0 cette Application d'incorporer un contenu de cette nature sur ses pages.\n\n<\/div>\n\n\nDonn\u00e9es personnelles trait\u00e9es : Cookies et Donn\u00e9es d'utilisation.\n\nLieu de traitement : Irlande \u2013 <a href=\"https:\/\/policies.google.com\/privacy\" target=\"_blank\" rel=\"noopener noreferrer\">Politique de confidentialit\u00e9<\/a>.\n\n<\/div>\n\n\n<\/div>\n\n\n<strong>\u00c9valuation<\/strong>\n\nCette Application utilise des Traqueurs pour mesurer le trafic et analyser le comportement de l\u2019Utilisateur dans le but d\u2019am\u00e9liorer le Service.\n\n\n<div>\n\n<strong>Services d\u2019analyse anonyme<\/strong>\n\n\n<div>\n\nLes services figurant dans cette partie permettent au Propri\u00e9taire, gr\u00e2ce \u00e0 l\u2019utilisation de Traqueurs tiers, d\u2019effectuer et de g\u00e9rer des analyses de mani\u00e8re anonyme.\n\n<strong>Anonymisation IP dans Google Analytics (Google Ireland Limited)<\/strong>\n\n\n<div>\n\nGoogle Analytics est un service d\u2019analyse Web fourni par Google Ireland Limited (\u00ab\u00a0Google\u00a0\u00bb). Google utilise les Donn\u00e9es collect\u00e9es pour suivre et analyser l\u2019utilisation de cette Application, pr\u00e9parer des rapports sur ses activit\u00e9s et les partager avec d\u2019autres services Google. Google peut utiliser les Donn\u00e9es collect\u00e9es pour contextualiser et personnaliser les publicit\u00e9s de son propre r\u00e9seau publicitaire. Cette int\u00e9gration de Google Analytics rend votre adresse IP anonyme. Les adresses IP des Utilisateurs sont en fait abr\u00e9g\u00e9es au sein des \u00c9tats membres de l\u2019Union europ\u00e9enne ou d'autres \u00c9tats partis \u00e0 l\u2019accord sur l\u2019Espace \u00e9conomique europ\u00e9en. Ce n\u2019est que dans des cas exceptionnels que l\u2019adresse IP compl\u00e8te est transmise au server Google et abr\u00e9g\u00e9e aux \u00c9tats-Unis.\n\n<\/div>\n\n\nDonn\u00e9es personnelles trait\u00e9es : Cookies et Donn\u00e9es d'utilisation.\n\nLieu de traitement : Irlande \u2013 <a href=\"https:\/\/policies.google.com\/privacy\" target=\"_blank\" rel=\"noopener noreferrer\">Politique de confidentialit\u00e9<\/a> \u2013 <a href=\"https:\/\/tools.google.com\/dlpage\/gaoptout?hl=fr\" target=\"_blank\" rel=\"noopener noreferrer\">Option de retrait<\/a>.\n\n<\/div>\n\n\n<\/div>\n\n\n\n\n<p id=\"manage_cookies\"><strong>Comment g\u00e9rer les pr\u00e9f\u00e9rences et donner ou retirer son consentement<\/strong><\/p>\n\n\nIl existe diff\u00e9rentes fa\u00e7ons de g\u00e9rer les pr\u00e9f\u00e9rences relatives aux Traqueurs et de donner et de retirer son consentement, le cas \u00e9ch\u00e9ant:\n\nLes Utilisateurs peuvent g\u00e9rer les pr\u00e9f\u00e9rences relatives aux Traqueurs directement dans les param\u00e8tres de leur propre appareil, par exemple en emp\u00eachant l\u2019utilisation ou le stockage des Traqueurs.\n\nDe plus, chaque fois que l\u2019utilisation de Traqueurs repose sur le consentement, les Utilisateurs peuvent donner ou retirer ce consentement en d\u00e9finissant leurs pr\u00e9f\u00e9rences dans la notification de cookie, ou en mettant \u00e0 jour ces pr\u00e9f\u00e9rences en cons\u00e9quence \u00e0 l\u2019aide du widget appropri\u00e9 de pr\u00e9f\u00e9rences relatives au consentement, le cas \u00e9ch\u00e9ant.\n\nIl est \u00e9galement possible, par le biais du navigateur ou les fonctionnalit\u00e9s de l\u2019appareil, de supprimer les Traqueurs pr\u00e9c\u00e9demment stock\u00e9s, y compris ceux utilis\u00e9s pour se souvenir du consentement initial de l\u2019Utilisateur.\n\nLes autres Traqueurs dans la m\u00e9moire locale du navigateur peuvent \u00eatre effac\u00e9s en supprimant l\u2019historique de navigation.\n\nS\u2019agissant des Traqueurs tiers, les Utilisateurs peuvent g\u00e9rer les pr\u00e9f\u00e9rences et retirer leur consentement par le lien de retrait associ\u00e9 (le cas \u00e9ch\u00e9ant), \u00e0 l\u2019aide du moyen indiqu\u00e9 dans la politique de confidentialit\u00e9 de ce tiers ou en contactant celui-ci.\n\n<strong>Acc\u00e8s aux param\u00e8tres pour les Traqueurs<\/strong>\n\nLes Utilisateurs peuvent, par exemple, trouver des informations sur la fa\u00e7on de g\u00e9rer les Cookies dans les navigateurs les plus couramment utilis\u00e9s aux adresses suivantes :\n\n\n<ul>\n \t\n\n<li><a href=\"https:\/\/support.google.com\/chrome\/answer\/95647?hl=fr&amp;p=cpn_cookies\" target=\"_blank\" rel=\"noopener nofollow noreferrer\">Google Chrome<\/a><\/li>\n\n\n \t\n\n<li><a href=\"https:\/\/support.mozilla.org\/fr\/kb\/activer-desactiver-cookies\" target=\"_blank\" rel=\"noopener nofollow noreferrer\">Mozilla Firefox<\/a><\/li>\n\n\n \t\n\n<li><a href=\"https:\/\/support.apple.com\/fr-fr\/guide\/safari\/manage-cookies-and-website-data-sfri11471\/\" target=\"_blank\" rel=\"noopener nofollow noreferrer\">Apple Safari<\/a><\/li>\n\n\n \t\n\n<li><a href=\"http:\/\/windows.microsoft.com\/fr-fr\/windows-vista\/block-or-allow-cookies\" target=\"_blank\" rel=\"noopener nofollow noreferrer\">Microsoft Internet Explorer<\/a><\/li>\n\n\n \t\n\n<li><a href=\"https:\/\/support.microsoft.com\/fr-fr\/help\/4027947\" target=\"_blank\" rel=\"noopener nofollow noreferrer\">Microsoft Edge<\/a><\/li>\n\n\n \t\n\n<li><a href=\"https:\/\/support.brave.com\/hc\/articles\/360022806212-How-do-I-use-Shields-while-browsing\" target=\"_blank\" rel=\"noopener nofollow noreferrer\">Brave<\/a><\/li>\n\n\n \t\n\n<li><a href=\"https:\/\/help.opera.com\/latest\/web-preferences\/#cookies\" target=\"_blank\" rel=\"noopener nofollow noreferrer\">Opera<\/a><\/li>\n\n\n<\/ul>\n\n\nLes Utilisateurs peuvent \u00e9galement g\u00e9rer certaines cat\u00e9gories de Traqueurs utilis\u00e9s sur les applications mobiles en d\u00e9sactivant les param\u00e8tres appropri\u00e9s de l\u2019appareil, tels que les param\u00e8tres publicitaires de l\u2019appareil pour les appareils mobiles ou les param\u00e8tres de suivi en g\u00e9n\u00e9ral (les Utilisateurs peuvent ouvrir les param\u00e8tres de l\u2019appareil et rechercher le param\u00e8tre appropri\u00e9).\n\n<strong>Propri\u00e9taire et Responsable du traitement<\/strong>\n\nCAROLINA SANTARELLI - Titolare di Affresco SRL\n<strong>Courriel de contact du Propri\u00e9taire :<\/strong> info@affresco.it\n\n\u00c9tant donn\u00e9 que l\u2019utilisation des Traqueurs par cette Application ne peut \u00eatre enti\u00e8rement contr\u00f4l\u00e9e par le Propri\u00e9taire, toute r\u00e9f\u00e9rence sp\u00e9cifique aux Traqueurs tiers n\u2019a qu\u2019une valeur indicative. Afin d\u2019obtenir des informations compl\u00e8tes, les Utilisateurs sont invit\u00e9s \u00e0 consulter les politiques de confidentialit\u00e9 des services tiers indiqu\u00e9s dans le pr\u00e9sent document.\n\nCompte tenu de la complexit\u00e9 objective des technologies de suivi, les Utilisateurs sont invit\u00e9s \u00e0 contacter le Propri\u00e9taire s\u2019ils souhaitent recevoir de plus amples informations sur l\u2019utilisation de ces technologies par cette Application.\n\n\n<div>\n\n\n<h3>D\u00e9finitions et r\u00e9f\u00e9rences l\u00e9gales<\/h3>\n\n\n\n\n<div>\n\n<strong>Donn\u00e9es personnelles (ou Donn\u00e9es)<\/strong>\n\nToute information qui, directement, indirectement ou en relation avec d'autres informations \u2013 y compris un num\u00e9ro d'identification personnel \u2013 permet l'identification ou l'identifiabilit\u00e9 d'une personne physique.\n\n<strong>Donn\u00e9es d\u2019utilisation<\/strong>\n\nLes informations collect\u00e9es automatiquement par cette Application (ou par des services tiers employ\u00e9s par cette Application), qui peuvent inclure les adresses IP ou les noms de domaines des ordinateurs utilis\u00e9s par les Utilisateurs qui utilisent cette Application, les adresses URI (Uniform Resource Identifier ou identifiant uniforme de ressource), l\u2019heure de la demande, la m\u00e9thode utilis\u00e9e pour soumettre la demande au serveur, la taille du fichier re\u00e7u en r\u00e9ponse, le code num\u00e9rique indiquant le statut de la r\u00e9ponse du serveur (r\u00e9sultat favorable, erreur, etc.), le pays d\u2019origine, les caract\u00e9ristiques du navigateur et du syst\u00e8me d\u2019exploitation utilis\u00e9s par l\u2019Utilisateur, les diff\u00e9rents d\u00e9tails relatifs au temps par visite (p. ex. temps pass\u00e9 sur chaque page dans l\u2019Application) et les d\u00e9tails relatifs au chemin suivi dans l\u2019Application avec une r\u00e9f\u00e9rence sp\u00e9ciale \u00e0 la s\u00e9quence des pages visit\u00e9es, et d\u2019autres param\u00e8tres concernant le syst\u00e8me d\u2019exploitation ou l\u2019environnement informatique de l\u2019Utilisateur.\n\n<strong>Utilisateur<\/strong>\n\nLa personne utilisant cette Application qui, sauf indication contraire, correspond \u00e0 la Personne concern\u00e9e.\n\n<strong>Personne concern\u00e9e<\/strong>\n\nLa personne physique \u00e0 laquelle les Donn\u00e9es personnelles font r\u00e9f\u00e9rence.\n\n<strong>Sous-traitant (ou Responsable des donn\u00e9es)<\/strong>\n\nLa personne physique ou morale, l'autorit\u00e9 publique, l'institution ou tout autre organisme qui traite les Donn\u00e9es personnelles pour le compte du Responsable du traitement, tel que d\u00e9crit dans la pr\u00e9sente politique de confidentialit\u00e9.\n\n<strong>Responsable du traitement (ou Propri\u00e9taire)<\/strong>\n\nLa personne physique ou morale, l\u2019autorit\u00e9 publique, l'institution ou toute autre organisme qui, seul ou conjointement avec d\u2019autres, d\u00e9termine les finalit\u00e9s et les moyens du traitement de Donn\u00e9es personnelles, y compris les mesures de s\u00e9curit\u00e9 concernant le fonctionnement et l'utilisation de cette Application. Sauf mention contraire, le Responsable du traitement est le Propri\u00e9taire de cette Application.\n\n<strong>Cette Application<\/strong>\n\nLes moyens par lesquels les Donn\u00e9es personnelles de l'Utilisateur sont collect\u00e9es et trait\u00e9es.\n\n<strong>Service<\/strong>\n\nLe service fourni par cette Application comme d\u00e9crit dans les conditions s'y rapportant (le cas \u00e9ch\u00e9ant) et sur ce site\/cette application.\n\n<strong>Union europ\u00e9enne (ou UE)<\/strong>\n\nSauf indication contraire, toutes les r\u00e9f\u00e9rences faites dans le pr\u00e9sent document \u00e0 l'Union europ\u00e9enne incluent tous les \u00c9tats membres actuels de l'Union europ\u00e9enne et de l'Espace \u00e9conomique europ\u00e9en.\n\n<strong>Cookie<\/strong>\n\nLes Cookies sont des Traqueurs constitu\u00e9s de petits ensembles de donn\u00e9es stock\u00e9s dans le navigateur de l\u2019Utilisateur.\n\n<strong>Traqueurs<\/strong>\n\nUn Traqueur indique toute technologie \u2013 par exemple, les Cookies, les identifiants uniques, les balises Web, les scripts int\u00e9gr\u00e9s, les balises \u00e9lectroniques et les empreintes digitales \u2013 permettant de suivre les Utilisateurs, par exemple en acc\u00e9dant \u00e0 des informations ou en les stockant sur l\u2019appareil de l\u2019Utilisateur.\n\n\n\n<hr \/>\n\n\n\n<strong>Informations l\u00e9gales<\/strong>\n\nLa pr\u00e9sente politique de confidentialit\u00e9 a \u00e9t\u00e9 pr\u00e9par\u00e9e en ex\u00e9cution des dispositions de plusieurs l\u00e9gislations, notamment de l'article 13\/14 du r\u00e8glement europ\u00e9en 2016\/679 (r\u00e8glement g\u00e9n\u00e9ral sur la protection des donn\u00e9es).\n\nCette politique de confidentialit\u00e9 concerne uniquement cette Application, sauf indication contraire dans le pr\u00e9sent document.\n\n<\/div>\n\n\n<\/div>\n\n--><\/p>\n","protected":false},"excerpt":{"rendered":"","protected":false},"author":1,"featured_media":0,"parent":0,"menu_order":0,"comment_status":"closed","ping_status":"closed","template":"","meta":[],"yoast_head":"<!-- This site is optimized with the Yoast SEO plugin v15.0 - https:\/\/yoast.com\/wordpress\/plugins\/seo\/ -->\n<meta name=\"robots\" content=\"index, follow, max-snippet:-1, max-image-preview:large, max-video-preview:-1\" \/>\n<link rel=\"canonical\" href=\"https:\/\/affresco.it\/fr\/cookie-policy\/\" \/>\n<meta property=\"og:locale\" content=\"fr_FR\" \/>\n<meta property=\"og:type\" content=\"article\" \/>\n<meta property=\"og:title\" content=\"Cookie Policy &ndash; Affresco\" \/>\n<meta property=\"og:url\" content=\"https:\/\/affresco.it\/fr\/cookie-policy\/\" \/>\n<meta property=\"og:site_name\" content=\"Affresco\" \/>\n<meta property=\"article:modified_time\" content=\"2024-09-25T12:43:03+00:00\" \/>\n<meta name=\"twitter:card\" content=\"summary_large_image\" \/>\n<script type=\"application\/ld+json\" class=\"yoast-schema-graph\">{\"@context\":\"https:\/\/schema.org\",\"@graph\":[{\"@type\":\"WebSite\",\"@id\":\"https:\/\/affresco.it\/fr\/#website\",\"url\":\"https:\/\/affresco.it\/fr\/\",\"name\":\"Affresco\",\"description\":\"Un nuovo sito targato WordPress\",\"potentialAction\":[{\"@type\":\"SearchAction\",\"target\":\"https:\/\/affresco.it\/fr\/?s={search_term_string}\",\"query-input\":\"required name=search_term_string\"}],\"inLanguage\":\"fr-FR\"},{\"@type\":\"WebPage\",\"@id\":\"https:\/\/affresco.it\/fr\/cookie-policy\/#webpage\",\"url\":\"https:\/\/affresco.it\/fr\/cookie-policy\/\",\"name\":\"Cookie Policy &ndash; Affresco\",\"isPartOf\":{\"@id\":\"https:\/\/affresco.it\/fr\/#website\"},\"datePublished\":\"2021-03-03T14:34:56+00:00\",\"dateModified\":\"2024-09-25T12:43:03+00:00\",\"breadcrumb\":{\"@id\":\"https:\/\/affresco.it\/fr\/cookie-policy\/#breadcrumb\"},\"inLanguage\":\"fr-FR\",\"potentialAction\":[{\"@type\":\"ReadAction\",\"target\":[\"https:\/\/affresco.it\/fr\/cookie-policy\/\"]}]},{\"@type\":\"BreadcrumbList\",\"@id\":\"https:\/\/affresco.it\/fr\/cookie-policy\/#breadcrumb\",\"itemListElement\":[{\"@type\":\"ListItem\",\"position\":1,\"item\":{\"@type\":\"WebPage\",\"@id\":\"https:\/\/affresco.it\/fr\/\",\"url\":\"https:\/\/affresco.it\/fr\/\",\"name\":\"Home\"}},{\"@type\":\"ListItem\",\"position\":2,\"item\":{\"@type\":\"WebPage\",\"@id\":\"https:\/\/affresco.it\/fr\/cookie-policy\/\",\"url\":\"https:\/\/affresco.it\/fr\/cookie-policy\/\",\"name\":\"Cookie Policy\"}}]}]}<\/script>\n<!-- \/ Yoast SEO plugin. -->","_links":{"self":[{"href":"https:\/\/affresco.it\/fr\/wp-json\/wp\/v2\/pages\/2352\/"}],"collection":[{"href":"https:\/\/affresco.it\/fr\/wp-json\/wp\/v2\/pages\/"}],"about":[{"href":"https:\/\/affresco.it\/fr\/wp-json\/wp\/v2\/types\/page\/"}],"author":[{"embeddable":true,"href":"https:\/\/affresco.it\/fr\/wp-json\/wp\/v2\/users\/1\/"}],"replies":[{"embeddable":true,"href":"https:\/\/affresco.it\/fr\/wp-json\/wp\/v2\/comments\/?post=2352"}],"version-history":[{"count":3,"href":"https:\/\/affresco.it\/fr\/wp-json\/wp\/v2\/pages\/2352\/revisions\/"}],"predecessor-version":[{"id":2470,"href":"https:\/\/affresco.it\/fr\/wp-json\/wp\/v2\/pages\/2352\/revisions\/2470\/"}],"wp:attachment":[{"href":"https:\/\/affresco.it\/fr\/wp-json\/wp\/v2\/media\/?parent=2352"}],"curies":[{"name":"wp","href":"https:\/\/api.w.org\/{rel}","templated":true}]}}